{"id":18,"date":"2020-05-18T14:21:10","date_gmt":"2020-05-18T12:21:10","guid":{"rendered":"http:\/\/aeropat.cluster028.hosting.ovh.net\/?page_id=18"},"modified":"2023-06-08T15:55:16","modified_gmt":"2023-06-08T13:55:16","slug":"faq","status":"publish","type":"page","link":"https:\/\/aeroparklillelesquin.com\/index.php\/faq\/","title":{"rendered":"FAQ"},"content":{"rendered":"\t\t<div data-elementor-type=\"wp-page\" data-elementor-id=\"18\" data-post-id=\"18\" data-obj-id=\"18\" class=\"elementor elementor-18 dce-elementor-post-18\" data-elementor-post-type=\"page\">\n\t\t\t\t\t\t<section class=\"elementor-section elementor-top-section elementor-element elementor-element-5d050bb3 elementor-section-content-middle elementor-section-boxed elementor-section-height-default elementor-section-height-default\" data-id=\"5d050bb3\" data-element_type=\"section\">\n\t\t\t\t\t\t<div class=\"elementor-container elementor-column-gap-no\">\n\t\t\t\t\t<div class=\"elementor-column elementor-col-100 elementor-top-column elementor-element elementor-element-54b21558\" data-id=\"54b21558\" data-element_type=\"column\" data-settings=\"{&quot;background_background&quot;:&quot;classic&quot;}\">\n\t\t\t<div class=\"elementor-widget-wrap elementor-element-populated\">\n\t\t\t\t\t\t<div class=\"elementor-element elementor-element-4e0d8cd elementor-widget elementor-widget-heading\" data-id=\"4e0d8cd\" data-element_type=\"widget\" data-widget_type=\"heading.default\">\n\t\t\t\t<div class=\"elementor-widget-container\">\n\t\t\t\t\t<h1 class=\"elementor-heading-title elementor-size-default\">FAQ<\/h1>\t\t\t\t<\/div>\n\t\t\t\t<\/div>\n\t\t\t\t<div class=\"elementor-element elementor-element-124b81d elementor-widget elementor-widget-text-editor\" data-id=\"124b81d\" data-element_type=\"widget\" data-widget_type=\"text-editor.default\">\n\t\t\t\t<div class=\"elementor-widget-container\">\n\t\t\t\t\t\t\t\t\t<p style=\"text-align: center;\">Nous r\u00e9pondons \u00e0 vos interrogations<\/p>\t\t\t\t\t\t\t\t<\/div>\n\t\t\t\t<\/div>\n\t\t\t\t<div class=\"elementor-element elementor-element-618202d elementor-widget-divider--view-line elementor-widget elementor-widget-divider\" data-id=\"618202d\" data-element_type=\"widget\" data-widget_type=\"divider.default\">\n\t\t\t\t<div class=\"elementor-widget-container\">\n\t\t\t\t\t\t\t<div class=\"elementor-divider\">\n\t\t\t<span class=\"elementor-divider-separator\">\n\t\t\t\t\t\t<\/span>\n\t\t<\/div>\n\t\t\t\t\t\t<\/div>\n\t\t\t\t<\/div>\n\t\t\t\t<div class=\"elementor-element elementor-element-5e60251f elementor-widget elementor-widget-toggle\" data-id=\"5e60251f\" data-element_type=\"widget\" data-widget_type=\"toggle.default\">\n\t\t\t\t<div class=\"elementor-widget-container\">\n\t\t\t\t\t\t\t<div class=\"elementor-toggle\">\n\t\t\t\t\t\t\t<div class=\"elementor-toggle-item\">\n\t\t\t\t\t<div id=\"elementor-tab-title-1581\" class=\"elementor-tab-title\" data-tab=\"1\" role=\"button\" aria-controls=\"elementor-tab-content-1581\" aria-expanded=\"false\">\n\t\t\t\t\t\t\t\t\t\t\t\t<span class=\"elementor-toggle-icon elementor-toggle-icon-right\" aria-hidden=\"true\">\n\t\t\t\t\t\t\t\t\t\t\t\t\t\t\t<span class=\"elementor-toggle-icon-closed\"><i class=\"fas fa-caret-right\"><\/i><\/span>\n\t\t\t\t\t\t\t\t<span class=\"elementor-toggle-icon-opened\"><i class=\"elementor-toggle-icon-opened fas fa-caret-up\"><\/i><\/span>\n\t\t\t\t\t\t\t\t\t\t\t\t\t<\/span>\n\t\t\t\t\t\t\t\t\t\t\t\t<a class=\"elementor-toggle-title\" tabindex=\"0\">QUELS SONT LES HORAIRES D'OUVERTURE DE VOTRE PARKING?<\/a>\n\t\t\t\t\t<\/div>\n\n\t\t\t\t\t<div id=\"elementor-tab-content-1581\" class=\"elementor-tab-content elementor-clearfix\" data-tab=\"1\" role=\"region\" aria-labelledby=\"elementor-tab-title-1581\"><p>Les parcs de stationnement AEROPARK Lille-Lesquin sont ouvert 24h\/24 7j\/7. Le service de navette ainsi que l&#8217;<span style=\"background-color: var( --e-global-color-571b06ed );\">acc\u00e8s aux parcs de stationnement s&#8217;effectue uniquement sur r\u00e9servation.<\/span><\/p><\/div>\n\t\t\t\t<\/div>\n\t\t\t\t\t\t\t<div class=\"elementor-toggle-item\">\n\t\t\t\t\t<div id=\"elementor-tab-title-1582\" class=\"elementor-tab-title\" data-tab=\"2\" role=\"button\" aria-controls=\"elementor-tab-content-1582\" aria-expanded=\"false\">\n\t\t\t\t\t\t\t\t\t\t\t\t<span class=\"elementor-toggle-icon elementor-toggle-icon-right\" aria-hidden=\"true\">\n\t\t\t\t\t\t\t\t\t\t\t\t\t\t\t<span class=\"elementor-toggle-icon-closed\"><i class=\"fas fa-caret-right\"><\/i><\/span>\n\t\t\t\t\t\t\t\t<span class=\"elementor-toggle-icon-opened\"><i class=\"elementor-toggle-icon-opened fas fa-caret-up\"><\/i><\/span>\n\t\t\t\t\t\t\t\t\t\t\t\t\t<\/span>\n\t\t\t\t\t\t\t\t\t\t\t\t<a class=\"elementor-toggle-title\" tabindex=\"0\">COMMENT EST ORGANIS\u00c9 LE TRANSFERT ENTRE LE PARKING ET LES TERMINAUX?<\/a>\n\t\t\t\t\t<\/div>\n\n\t\t\t\t\t<div id=\"elementor-tab-content-1582\" class=\"elementor-tab-content elementor-clearfix\" data-tab=\"2\" role=\"region\" aria-labelledby=\"elementor-tab-title-1582\"><p class=\"font_9\"><span class=\"color_15\">Lors de votre r\u00e9servation sur le site AEROPARK Lille-Lesquin, nous vous invitons \u00e0 indiquer les\u00a0date et heures ainsi que le\u00a0num\u00e9ro\u00a0de vol retour de votre avion.<\/span><\/p><p class=\"font_9\"><span class=\"color_15\">Ces indications sont importantes, elles permettent \u00e0 votre chauffeur AEROPARK\u00a0de connaitre vos heures d&#8217;arriv\u00e9es.<\/span><\/p><p class=\"font_9\"><span class=\"color_15\">\u00a0Apr\u00e8s avoir remis les clefs de votre v\u00e9hicule, la navette gratuite AEROPARK vous conduit au terminal de votre choix. A votre retour, un simple appel\u00a0\u00e0 votre\u00a0chauffeur AEROPARK \u00a0afin de vous raccompagner directement \u00e0 votre v\u00e9hicule avec tous vos bagages.<\/span><\/p><\/div>\n\t\t\t\t<\/div>\n\t\t\t\t\t\t\t<div class=\"elementor-toggle-item\">\n\t\t\t\t\t<div id=\"elementor-tab-title-1583\" class=\"elementor-tab-title\" data-tab=\"3\" role=\"button\" aria-controls=\"elementor-tab-content-1583\" aria-expanded=\"false\">\n\t\t\t\t\t\t\t\t\t\t\t\t<span class=\"elementor-toggle-icon elementor-toggle-icon-right\" aria-hidden=\"true\">\n\t\t\t\t\t\t\t\t\t\t\t\t\t\t\t<span class=\"elementor-toggle-icon-closed\"><i class=\"fas fa-caret-right\"><\/i><\/span>\n\t\t\t\t\t\t\t\t<span class=\"elementor-toggle-icon-opened\"><i class=\"elementor-toggle-icon-opened fas fa-caret-up\"><\/i><\/span>\n\t\t\t\t\t\t\t\t\t\t\t\t\t<\/span>\n\t\t\t\t\t\t\t\t\t\t\t\t<a class=\"elementor-toggle-title\" tabindex=\"0\">COMMENT R\u00c9SERVER UNE PLACE DE PARKING?<\/a>\n\t\t\t\t\t<\/div>\n\n\t\t\t\t\t<div id=\"elementor-tab-content-1583\" class=\"elementor-tab-content elementor-clearfix\" data-tab=\"3\" role=\"region\" aria-labelledby=\"elementor-tab-title-1583\"><p class=\"font_9\"><span class=\"color_15\">Pour votre r\u00e9servation de stationnement, rien de plus simple :<\/span><\/p><p class=\"font_9\">\u00a0<\/p><p class=\"font_9\"><strong><span class=\"color_15\">2 solutions s&#8217;offrent \u00e0 vous :<\/span><\/strong><\/p><p class=\"font_9\">\u00a0<\/p><p class=\"font_9\"><span class=\"color_15\">Vous pouvez r\u00e9server sur le site internet\u00a0en remplissant le formulaire de r\u00e9servation en ligne. Vous recevrez ainsi votre confirmation de r\u00e9servation par e-mail \u00a0avec les informations pratiques pour le bon d\u00e9roulement de votre stationnement.\u00a0<\/span><\/p><p class=\"font_9\">\u00a0<\/p><p class=\"font_9\"><span class=\"color_15\">Vous pouvez \u00e9galement r\u00e9server directement par t\u00e9l\u00e9phone ( uniquement en cas de d\u00e9part moins de 12H); vous recevrez ainsi par e-mail votre confirmation de r\u00e9servation\u00a0comportant toutes les informations pratiques pour le bon d\u00e9roulement de votre stationnement.<\/span><\/p><\/div>\n\t\t\t\t<\/div>\n\t\t\t\t\t\t\t<div class=\"elementor-toggle-item\">\n\t\t\t\t\t<div id=\"elementor-tab-title-1584\" class=\"elementor-tab-title\" data-tab=\"4\" role=\"button\" aria-controls=\"elementor-tab-content-1584\" aria-expanded=\"false\">\n\t\t\t\t\t\t\t\t\t\t\t\t<span class=\"elementor-toggle-icon elementor-toggle-icon-right\" aria-hidden=\"true\">\n\t\t\t\t\t\t\t\t\t\t\t\t\t\t\t<span class=\"elementor-toggle-icon-closed\"><i class=\"fas fa-caret-right\"><\/i><\/span>\n\t\t\t\t\t\t\t\t<span class=\"elementor-toggle-icon-opened\"><i class=\"elementor-toggle-icon-opened fas fa-caret-up\"><\/i><\/span>\n\t\t\t\t\t\t\t\t\t\t\t\t\t<\/span>\n\t\t\t\t\t\t\t\t\t\t\t\t<a class=\"elementor-toggle-title\" tabindex=\"0\">COMMENT SAVOIR SI LE PARKING EST COMPLET?<\/a>\n\t\t\t\t\t<\/div>\n\n\t\t\t\t\t<div id=\"elementor-tab-content-1584\" class=\"elementor-tab-content elementor-clearfix\" data-tab=\"4\" role=\"region\" aria-labelledby=\"elementor-tab-title-1584\"><p>Si le parking est complet aux dates indiqu\u00e9es, vous le verrez imm\u00e9diatement lors de la r\u00e9servation \u00e0 l&#8217;\u00e9cran\u00a0et vous ne pourrez pas valider votre r\u00e9servation avec\u00a0les dates et heures s\u00e9lectionn\u00e9es.<\/p><\/div>\n\t\t\t\t<\/div>\n\t\t\t\t\t\t\t<div class=\"elementor-toggle-item\">\n\t\t\t\t\t<div id=\"elementor-tab-title-1585\" class=\"elementor-tab-title\" data-tab=\"5\" role=\"button\" aria-controls=\"elementor-tab-content-1585\" aria-expanded=\"false\">\n\t\t\t\t\t\t\t\t\t\t\t\t<span class=\"elementor-toggle-icon elementor-toggle-icon-right\" aria-hidden=\"true\">\n\t\t\t\t\t\t\t\t\t\t\t\t\t\t\t<span class=\"elementor-toggle-icon-closed\"><i class=\"fas fa-caret-right\"><\/i><\/span>\n\t\t\t\t\t\t\t\t<span class=\"elementor-toggle-icon-opened\"><i class=\"elementor-toggle-icon-opened fas fa-caret-up\"><\/i><\/span>\n\t\t\t\t\t\t\t\t\t\t\t\t\t<\/span>\n\t\t\t\t\t\t\t\t\t\t\t\t<a class=\"elementor-toggle-title\" tabindex=\"0\">JE NE CONNAIS PAS ENCORE MON NUM\u00c9RO DE VOL\/TRAIN, PUIS-JE R\u00c9SERVER?<\/a>\n\t\t\t\t\t<\/div>\n\n\t\t\t\t\t<div id=\"elementor-tab-content-1585\" class=\"elementor-tab-content elementor-clearfix\" data-tab=\"5\" role=\"region\" aria-labelledby=\"elementor-tab-title-1585\"><p>Oui, dans le cas ou vous ne connaissez pas des informations telles que le num\u00e9ro de vol\/train, vous pouvez tout simplement renseigner la destination\/provenance de celui-ci.<\/p><\/div>\n\t\t\t\t<\/div>\n\t\t\t\t\t\t\t<div class=\"elementor-toggle-item\">\n\t\t\t\t\t<div id=\"elementor-tab-title-1586\" class=\"elementor-tab-title\" data-tab=\"6\" role=\"button\" aria-controls=\"elementor-tab-content-1586\" aria-expanded=\"false\">\n\t\t\t\t\t\t\t\t\t\t\t\t<span class=\"elementor-toggle-icon elementor-toggle-icon-right\" aria-hidden=\"true\">\n\t\t\t\t\t\t\t\t\t\t\t\t\t\t\t<span class=\"elementor-toggle-icon-closed\"><i class=\"fas fa-caret-right\"><\/i><\/span>\n\t\t\t\t\t\t\t\t<span class=\"elementor-toggle-icon-opened\"><i class=\"elementor-toggle-icon-opened fas fa-caret-up\"><\/i><\/span>\n\t\t\t\t\t\t\t\t\t\t\t\t\t<\/span>\n\t\t\t\t\t\t\t\t\t\t\t\t<a class=\"elementor-toggle-title\" tabindex=\"0\">COMMENT ANNULER OU MODIFIER MA R\u00c9SERVATION DE STATIONNEMENT CHEZ AEROPARK LILLE-LESQUIN?<\/a>\n\t\t\t\t\t<\/div>\n\n\t\t\t\t\t<div id=\"elementor-tab-content-1586\" class=\"elementor-tab-content elementor-clearfix\" data-tab=\"6\" role=\"region\" aria-labelledby=\"elementor-tab-title-1586\"><p>Vous pouvez modifier ou annuler gratuitement la\u00a0r\u00e9servation que vous avez effectu\u00e9e via\u00a0notre site AEROPARK Lille-Lesquin ou simplement par e-mail (contact@aeroparklillelesquin.com) en reprenant les r\u00e9f\u00e9rences de votre e-voucher.<\/p><\/div>\n\t\t\t\t<\/div>\n\t\t\t\t\t\t\t<div class=\"elementor-toggle-item\">\n\t\t\t\t\t<div id=\"elementor-tab-title-1587\" class=\"elementor-tab-title\" data-tab=\"7\" role=\"button\" aria-controls=\"elementor-tab-content-1587\" aria-expanded=\"false\">\n\t\t\t\t\t\t\t\t\t\t\t\t<span class=\"elementor-toggle-icon elementor-toggle-icon-right\" aria-hidden=\"true\">\n\t\t\t\t\t\t\t\t\t\t\t\t\t\t\t<span class=\"elementor-toggle-icon-closed\"><i class=\"fas fa-caret-right\"><\/i><\/span>\n\t\t\t\t\t\t\t\t<span class=\"elementor-toggle-icon-opened\"><i class=\"elementor-toggle-icon-opened fas fa-caret-up\"><\/i><\/span>\n\t\t\t\t\t\t\t\t\t\t\t\t\t<\/span>\n\t\t\t\t\t\t\t\t\t\t\t\t<a class=\"elementor-toggle-title\" tabindex=\"0\">JE N'AI PAS DE CODE PROMO. QUE DOIS-JE REMPLIR DANS CE CHAMPS?<\/a>\n\t\t\t\t\t<\/div>\n\n\t\t\t\t\t<div id=\"elementor-tab-content-1587\" class=\"elementor-tab-content elementor-clearfix\" data-tab=\"7\" role=\"region\" aria-labelledby=\"elementor-tab-title-1587\"><p>C&#8217;est un code de r\u00e9duction que vous avez probablement re\u00e7u de notre part. Ce champs est \u00e9galement destin\u00e9 aux professionnels du tourisme afin de renseigner votre code personnel.\u00a0<\/p><\/div>\n\t\t\t\t<\/div>\n\t\t\t\t\t\t\t<div class=\"elementor-toggle-item\">\n\t\t\t\t\t<div id=\"elementor-tab-title-1588\" class=\"elementor-tab-title\" data-tab=\"8\" role=\"button\" aria-controls=\"elementor-tab-content-1588\" aria-expanded=\"false\">\n\t\t\t\t\t\t\t\t\t\t\t\t<span class=\"elementor-toggle-icon elementor-toggle-icon-right\" aria-hidden=\"true\">\n\t\t\t\t\t\t\t\t\t\t\t\t\t\t\t<span class=\"elementor-toggle-icon-closed\"><i class=\"fas fa-caret-right\"><\/i><\/span>\n\t\t\t\t\t\t\t\t<span class=\"elementor-toggle-icon-opened\"><i class=\"elementor-toggle-icon-opened fas fa-caret-up\"><\/i><\/span>\n\t\t\t\t\t\t\t\t\t\t\t\t\t<\/span>\n\t\t\t\t\t\t\t\t\t\t\t\t<a class=\"elementor-toggle-title\" tabindex=\"0\">Quels types de v\u00e9hicules sont accept\u00e9s sur le parking ?<\/a>\n\t\t\t\t\t<\/div>\n\n\t\t\t\t\t<div id=\"elementor-tab-content-1588\" class=\"elementor-tab-content elementor-clearfix\" data-tab=\"8\" role=\"region\" aria-labelledby=\"elementor-tab-title-1588\"><p>Nos parcs de stationnement sont accessible \u00e0 la plupart des v\u00e9hicules de cat\u00e9gorie B de tailles standard: citadines, berlines, 4&#215;4, SUV, compactes, monospaces, etc. Le parking est \u00e9galement accessible aux 2 roues.<\/p><p>Nous autorisons \u00e9galement certains v\u00e9hicules plus gros comme les camionnettes et les utilitaires. Nous appliquerons alors une majoration de 50% par rapport au prix habituel.<\/p><\/div>\n\t\t\t\t<\/div>\n\t\t\t\t\t\t\t\t<\/div>\n\t\t\t\t\t\t<\/div>\n\t\t\t\t<\/div>\n\t\t\t\t\t<\/div>\n\t\t<\/div>\n\t\t\t\t\t<\/div>\n\t\t<\/section>\n\t\t\t\t<\/div>\n\t\t","protected":false},"excerpt":{"rendered":"<p>FAQ Nous r\u00e9pondons \u00e0 vos interrogations QUELS SONT LES HORAIRES D&#8217;OUVERTURE DE VOTRE PARKING? Les parcs de stationnement AEROPARK Lille-Lesquin sont ouvert 24h\/24 7j\/7. Le service de navette ainsi que l\u2019acc\u00e8s aux parcs de stationnement s\u2019effectue uniquement sur r\u00e9servation. COMMENT EST ORGANIS\u00c9 LE TRANSFERT ENTRE LE PARKING ET LES TERMINAUX? Lors de votre r\u00e9servation sur &hellip; <\/p>\n<p class=\"link-more\"><a href=\"https:\/\/aeroparklillelesquin.com\/index.php\/faq\/\" class=\"more-link\">Continuer la lecture <span class=\"screen-reader-text\"> \u00ab\u00a0FAQ\u00a0\u00bb<\/span><\/a><\/p>\n","protected":false},"author":1,"featured_media":0,"parent":0,"menu_order":0,"comment_status":"closed","ping_status":"closed","template":"elementor_header_footer","meta":{"footnotes":""},"class_list":["post-18","page","type-page","status-publish","hentry","entry"],"yoast_head":"<!-- This site is optimized with the Yoast SEO plugin v25.8 - https:\/\/yoast.com\/wordpress\/plugins\/seo\/ -->\n<title>FAQ - AEROPARK Lille Lesquin<\/title>\n<meta name=\"description\" content=\"Retrouvez toutes les informations n\u00e9cessaires afin de r\u00e9pondre \u00e0 toutes vos questions. Merci et \u00e0 bient\u00f4t Aeropark Lille Lesquin.\" \/>\n<meta name=\"robots\" content=\"index, follow, max-snippet:-1, max-image-preview:large, max-video-preview:-1\" \/>\n<link rel=\"canonical\" href=\"https:\/\/aeroparklillelesquin.com\/index.php\/faq\/\" \/>\n<meta property=\"og:locale\" content=\"fr_FR\" \/>\n<meta property=\"og:type\" content=\"article\" \/>\n<meta property=\"og:title\" content=\"FAQ - AEROPARK Lille Lesquin\" \/>\n<meta property=\"og:description\" content=\"Retrouvez toutes les informations n\u00e9cessaires afin de r\u00e9pondre \u00e0 toutes vos questions. Merci et \u00e0 bient\u00f4t Aeropark Lille Lesquin.\" \/>\n<meta property=\"og:url\" content=\"https:\/\/aeroparklillelesquin.com\/index.php\/faq\/\" \/>\n<meta property=\"og:site_name\" content=\"AEROPARK Lille Lesquin\" \/>\n<meta property=\"article:publisher\" content=\"https:\/\/www.facebook.com\/AeroparkLilleLesquin\/\" \/>\n<meta property=\"article:modified_time\" content=\"2023-06-08T13:55:16+00:00\" \/>\n<meta name=\"twitter:card\" content=\"summary_large_image\" \/>\n<meta name=\"twitter:label1\" content=\"Dur\u00e9e de lecture estim\u00e9e\" \/>\n\t<meta name=\"twitter:data1\" content=\"3 minutes\" \/>\n<script type=\"application\/ld+json\" class=\"yoast-schema-graph\">{\"@context\":\"https:\/\/schema.org\",\"@graph\":[{\"@type\":\"WebPage\",\"@id\":\"https:\/\/aeroparklillelesquin.com\/index.php\/faq\/\",\"url\":\"https:\/\/aeroparklillelesquin.com\/index.php\/faq\/\",\"name\":\"FAQ - AEROPARK Lille Lesquin\",\"isPartOf\":{\"@id\":\"https:\/\/aeroparklillelesquin.com\/#website\"},\"datePublished\":\"2020-05-18T12:21:10+00:00\",\"dateModified\":\"2023-06-08T13:55:16+00:00\",\"description\":\"Retrouvez toutes les informations n\u00e9cessaires afin de r\u00e9pondre \u00e0 toutes vos questions. Merci et \u00e0 bient\u00f4t Aeropark Lille Lesquin.\",\"breadcrumb\":{\"@id\":\"https:\/\/aeroparklillelesquin.com\/index.php\/faq\/#breadcrumb\"},\"inLanguage\":\"fr-FR\",\"potentialAction\":[{\"@type\":\"ReadAction\",\"target\":[\"https:\/\/aeroparklillelesquin.com\/index.php\/faq\/\"]}]},{\"@type\":\"BreadcrumbList\",\"@id\":\"https:\/\/aeroparklillelesquin.com\/index.php\/faq\/#breadcrumb\",\"itemListElement\":[{\"@type\":\"ListItem\",\"position\":1,\"name\":\"Accueil\",\"item\":\"https:\/\/aeroparklillelesquin.com\/\"},{\"@type\":\"ListItem\",\"position\":2,\"name\":\"FAQ\"}]},{\"@type\":\"WebSite\",\"@id\":\"https:\/\/aeroparklillelesquin.com\/#website\",\"url\":\"https:\/\/aeroparklillelesquin.com\/\",\"name\":\"AEROPARK Lille Lesquin\",\"description\":\"Parking A\u00e9roport et Gares \u00e0 Lille Lesquin\",\"publisher\":{\"@id\":\"https:\/\/aeroparklillelesquin.com\/#organization\"},\"potentialAction\":[{\"@type\":\"SearchAction\",\"target\":{\"@type\":\"EntryPoint\",\"urlTemplate\":\"https:\/\/aeroparklillelesquin.com\/?s={search_term_string}\"},\"query-input\":{\"@type\":\"PropertyValueSpecification\",\"valueRequired\":true,\"valueName\":\"search_term_string\"}}],\"inLanguage\":\"fr-FR\"},{\"@type\":\"Organization\",\"@id\":\"https:\/\/aeroparklillelesquin.com\/#organization\",\"name\":\"AEROPARK Lille Lesquin\",\"url\":\"https:\/\/aeroparklillelesquin.com\/\",\"logo\":{\"@type\":\"ImageObject\",\"inLanguage\":\"fr-FR\",\"@id\":\"https:\/\/aeroparklillelesquin.com\/#\/schema\/logo\/image\/\",\"url\":\"https:\/\/aeroparklillelesquin.com\/wp-content\/uploads\/2025\/08\/aeropark-e1756708645634.jpg\",\"contentUrl\":\"https:\/\/aeroparklillelesquin.com\/wp-content\/uploads\/2025\/08\/aeropark-e1756708645634.jpg\",\"width\":787,\"height\":512,\"caption\":\"AEROPARK Lille Lesquin\"},\"image\":{\"@id\":\"https:\/\/aeroparklillelesquin.com\/#\/schema\/logo\/image\/\"},\"sameAs\":[\"https:\/\/www.facebook.com\/AeroparkLilleLesquin\/\"]}]}<\/script>\n<!-- \/ Yoast SEO plugin. -->","yoast_head_json":{"title":"FAQ - AEROPARK Lille Lesquin","description":"Retrouvez toutes les informations n\u00e9cessaires afin de r\u00e9pondre \u00e0 toutes vos questions. Merci et \u00e0 bient\u00f4t Aeropark Lille Lesquin.","robots":{"index":"index","follow":"follow","max-snippet":"max-snippet:-1","max-image-preview":"max-image-preview:large","max-video-preview":"max-video-preview:-1"},"canonical":"https:\/\/aeroparklillelesquin.com\/index.php\/faq\/","og_locale":"fr_FR","og_type":"article","og_title":"FAQ - AEROPARK Lille Lesquin","og_description":"Retrouvez toutes les informations n\u00e9cessaires afin de r\u00e9pondre \u00e0 toutes vos questions. Merci et \u00e0 bient\u00f4t Aeropark Lille Lesquin.","og_url":"https:\/\/aeroparklillelesquin.com\/index.php\/faq\/","og_site_name":"AEROPARK Lille Lesquin","article_publisher":"https:\/\/www.facebook.com\/AeroparkLilleLesquin\/","article_modified_time":"2023-06-08T13:55:16+00:00","twitter_card":"summary_large_image","twitter_misc":{"Dur\u00e9e de lecture estim\u00e9e":"3 minutes"},"schema":{"@context":"https:\/\/schema.org","@graph":[{"@type":"WebPage","@id":"https:\/\/aeroparklillelesquin.com\/index.php\/faq\/","url":"https:\/\/aeroparklillelesquin.com\/index.php\/faq\/","name":"FAQ - AEROPARK Lille Lesquin","isPartOf":{"@id":"https:\/\/aeroparklillelesquin.com\/#website"},"datePublished":"2020-05-18T12:21:10+00:00","dateModified":"2023-06-08T13:55:16+00:00","description":"Retrouvez toutes les informations n\u00e9cessaires afin de r\u00e9pondre \u00e0 toutes vos questions. Merci et \u00e0 bient\u00f4t Aeropark Lille Lesquin.","breadcrumb":{"@id":"https:\/\/aeroparklillelesquin.com\/index.php\/faq\/#breadcrumb"},"inLanguage":"fr-FR","potentialAction":[{"@type":"ReadAction","target":["https:\/\/aeroparklillelesquin.com\/index.php\/faq\/"]}]},{"@type":"BreadcrumbList","@id":"https:\/\/aeroparklillelesquin.com\/index.php\/faq\/#breadcrumb","itemListElement":[{"@type":"ListItem","position":1,"name":"Accueil","item":"https:\/\/aeroparklillelesquin.com\/"},{"@type":"ListItem","position":2,"name":"FAQ"}]},{"@type":"WebSite","@id":"https:\/\/aeroparklillelesquin.com\/#website","url":"https:\/\/aeroparklillelesquin.com\/","name":"AEROPARK Lille Lesquin","description":"Parking A\u00e9roport et Gares \u00e0 Lille Lesquin","publisher":{"@id":"https:\/\/aeroparklillelesquin.com\/#organization"},"potentialAction":[{"@type":"SearchAction","target":{"@type":"EntryPoint","urlTemplate":"https:\/\/aeroparklillelesquin.com\/?s={search_term_string}"},"query-input":{"@type":"PropertyValueSpecification","valueRequired":true,"valueName":"search_term_string"}}],"inLanguage":"fr-FR"},{"@type":"Organization","@id":"https:\/\/aeroparklillelesquin.com\/#organization","name":"AEROPARK Lille Lesquin","url":"https:\/\/aeroparklillelesquin.com\/","logo":{"@type":"ImageObject","inLanguage":"fr-FR","@id":"https:\/\/aeroparklillelesquin.com\/#\/schema\/logo\/image\/","url":"https:\/\/aeroparklillelesquin.com\/wp-content\/uploads\/2025\/08\/aeropark-e1756708645634.jpg","contentUrl":"https:\/\/aeroparklillelesquin.com\/wp-content\/uploads\/2025\/08\/aeropark-e1756708645634.jpg","width":787,"height":512,"caption":"AEROPARK Lille Lesquin"},"image":{"@id":"https:\/\/aeroparklillelesquin.com\/#\/schema\/logo\/image\/"},"sameAs":["https:\/\/www.facebook.com\/AeroparkLilleLesquin\/"]}]}},"rttpg_featured_image_url":null,"rttpg_author":{"display_name":"admin1997","author_link":"https:\/\/aeroparklillelesquin.com\/index.php\/author\/admin1997\/"},"rttpg_comment":0,"rttpg_category":null,"rttpg_excerpt":"FAQ Nous r\u00e9pondons \u00e0 vos interrogations QUELS SONT LES HORAIRES D&#8217;OUVERTURE DE VOTRE PARKING? Les parcs de stationnement AEROPARK Lille-Lesquin sont ouvert 24h\/24 7j\/7. Le service de navette ainsi que l\u2019acc\u00e8s aux parcs de stationnement s\u2019effectue uniquement sur r\u00e9servation. COMMENT EST ORGANIS\u00c9 LE TRANSFERT ENTRE LE PARKING ET LES TERMINAUX? Lors de votre r\u00e9servation sur\u2026","_links":{"self":[{"href":"https:\/\/aeroparklillelesquin.com\/index.php\/wp-json\/wp\/v2\/pages\/18","targetHints":{"allow":["GET"]}}],"collection":[{"href":"https:\/\/aeroparklillelesquin.com\/index.php\/wp-json\/wp\/v2\/pages"}],"about":[{"href":"https:\/\/aeroparklillelesquin.com\/index.php\/wp-json\/wp\/v2\/types\/page"}],"author":[{"embeddable":true,"href":"https:\/\/aeroparklillelesquin.com\/index.php\/wp-json\/wp\/v2\/users\/1"}],"replies":[{"embeddable":true,"href":"https:\/\/aeroparklillelesquin.com\/index.php\/wp-json\/wp\/v2\/comments?post=18"}],"version-history":[{"count":27,"href":"https:\/\/aeroparklillelesquin.com\/index.php\/wp-json\/wp\/v2\/pages\/18\/revisions"}],"predecessor-version":[{"id":2103,"href":"https:\/\/aeroparklillelesquin.com\/index.php\/wp-json\/wp\/v2\/pages\/18\/revisions\/2103"}],"wp:attachment":[{"href":"https:\/\/aeroparklillelesquin.com\/index.php\/wp-json\/wp\/v2\/media?parent=18"}],"curies":[{"name":"wp","href":"https:\/\/api.w.org\/{rel}","templated":true}]}}