{"id":15,"date":"2020-05-18T14:21:10","date_gmt":"2020-05-18T12:21:10","guid":{"rendered":"http:\/\/aeropat.cluster028.hosting.ovh.net\/?page_id=15"},"modified":"2022-05-25T09:19:58","modified_gmt":"2022-05-25T07:19:58","slug":"service-parking","status":"publish","type":"page","link":"https:\/\/aeroparklillelesquin.com\/index.php\/service-parking\/","title":{"rendered":"service parking"},"content":{"rendered":"\t\t<div data-elementor-type=\"wp-page\" data-elementor-id=\"15\" data-post-id=\"15\" data-obj-id=\"15\" class=\"elementor elementor-15 dce-elementor-post-15\" data-elementor-post-type=\"page\">\n\t\t\t\t\t\t<section class=\"elementor-section elementor-top-section elementor-element elementor-element-2e6d09bc elementor-section-height-min-height elementor-section-boxed elementor-section-height-default elementor-section-items-middle\" data-id=\"2e6d09bc\" data-element_type=\"section\" data-settings=\"{&quot;background_background&quot;:&quot;classic&quot;}\">\n\t\t\t\t\t\t\t<div class=\"elementor-background-overlay\"><\/div>\n\t\t\t\t\t\t\t<div class=\"elementor-container elementor-column-gap-default\">\n\t\t\t\t\t<div class=\"elementor-column elementor-col-100 elementor-top-column elementor-element elementor-element-158aaa40\" data-id=\"158aaa40\" data-element_type=\"column\">\n\t\t\t<div class=\"elementor-widget-wrap elementor-element-populated\">\n\t\t\t\t\t\t<div class=\"elementor-element elementor-element-ca50e93 elementor-widget elementor-widget-heading\" data-id=\"ca50e93\" data-element_type=\"widget\" data-widget_type=\"heading.default\">\n\t\t\t\t<div class=\"elementor-widget-container\">\n\t\t\t\t\t<h1 class=\"elementor-heading-title elementor-size-default\"><b>AEROPARK Lille-Lesquin<\/b>\n<br>Le 1er parking PRIV\u00c9 \u00e0 l'A\u00e9roport et les Gares de Lille<\/h1>\t\t\t\t<\/div>\n\t\t\t\t<\/div>\n\t\t\t\t<div class=\"elementor-element elementor-element-4ba08cab elementor-align-center elementor-widget elementor-widget-button\" data-id=\"4ba08cab\" data-element_type=\"widget\" data-widget_type=\"button.default\">\n\t\t\t\t<div class=\"elementor-widget-container\">\n\t\t\t\t\t\t\t\t\t<div class=\"elementor-button-wrapper\">\n\t\t\t\t\t<a class=\"elementor-button elementor-button-link elementor-size-sm elementor-animation-float\" href=\"#nosservices\">\n\t\t\t\t\t\t<span class=\"elementor-button-content-wrapper\">\n\t\t\t\t\t\t<span class=\"elementor-button-icon\">\n\t\t\t\t\t\t\t<\/span>\n\t\t\t\t\t\t\t\t\t<span class=\"elementor-button-text\">Nos Services<\/span>\n\t\t\t\t\t<\/span>\n\t\t\t\t\t<\/a>\n\t\t\t\t<\/div>\n\t\t\t\t\t\t\t\t<\/div>\n\t\t\t\t<\/div>\n\t\t\t\t\t<\/div>\n\t\t<\/div>\n\t\t\t\t\t<\/div>\n\t\t<\/section>\n\t\t\t\t<section class=\"elementor-section elementor-top-section elementor-element elementor-element-4b506654 elementor-section-boxed elementor-section-height-default elementor-section-height-default\" data-id=\"4b506654\" data-element_type=\"section\">\n\t\t\t\t\t\t<div class=\"elementor-container elementor-column-gap-default\">\n\t\t\t\t\t<div class=\"elementor-column elementor-col-100 elementor-top-column elementor-element elementor-element-3a4ab613\" data-id=\"3a4ab613\" data-element_type=\"column\">\n\t\t\t<div class=\"elementor-widget-wrap elementor-element-populated\">\n\t\t\t\t\t\t<div class=\"elementor-element elementor-element-141990d4 elementor-widget elementor-widget-menu-anchor\" data-id=\"141990d4\" data-element_type=\"widget\" data-widget_type=\"menu-anchor.default\">\n\t\t\t\t<div class=\"elementor-widget-container\">\n\t\t\t\t\t\t\t<div class=\"elementor-menu-anchor\" id=\"nosservices\"><\/div>\n\t\t\t\t\t\t<\/div>\n\t\t\t\t<\/div>\n\t\t\t\t<section class=\"elementor-section elementor-inner-section elementor-element elementor-element-14a226a8 elementor-section-full_width elementor-section-height-default elementor-section-height-default\" data-id=\"14a226a8\" data-element_type=\"section\">\n\t\t\t\t\t\t<div class=\"elementor-container elementor-column-gap-default\">\n\t\t\t\t\t<div class=\"elementor-column elementor-col-50 elementor-inner-column elementor-element elementor-element-6462e07e\" data-id=\"6462e07e\" data-element_type=\"column\">\n\t\t\t<div class=\"elementor-widget-wrap elementor-element-populated\">\n\t\t\t\t\t\t<div class=\"elementor-element elementor-element-327e715e elementor-widget__width-auto elementor-widget elementor-widget-heading\" data-id=\"327e715e\" data-element_type=\"widget\" data-widget_type=\"heading.default\">\n\t\t\t\t<div class=\"elementor-widget-container\">\n\t\t\t\t\t<h2 class=\"elementor-heading-title elementor-size-default\">Service de stationnement<\/h2>\t\t\t\t<\/div>\n\t\t\t\t<\/div>\n\t\t\t\t<div class=\"elementor-element elementor-element-2d072e5e elementor-flip-box--effect-fade elementor-widget elementor-widget-flip-box\" data-id=\"2d072e5e\" data-element_type=\"widget\" data-widget_type=\"flip-box.default\">\n\t\t\t\t<div class=\"elementor-widget-container\">\n\t\t\t\t\t\t\t<div class=\"elementor-flip-box\" tabindex=\"0\">\n\t\t\t<div class=\"elementor-flip-box__layer elementor-flip-box__front\">\n\t\t\t\t<div class=\"elementor-flip-box__layer__overlay\">\n\t\t\t\t\t<div class=\"elementor-flip-box__layer__inner\">\n\t\t\t\t\t\t\n\t\t\t\t\t\t\t\t\t\t\t\t\t<h3 class=\"elementor-flip-box__layer__title\">\n\t\t\t\t\t\t\t\tDur\u00e9e variable \u2022 Prix variable\t\t\t\t\t\t\t<\/h3>\n\t\t\t\t\t\t\n\t\t\t\t\t\t\t\t\t\t\t\t\t<div class=\"elementor-flip-box__layer__description\">\n\t\t\t\t\t\t\t\tService de stationnement \n            SECURISE\n           24h\/24 7j\/7\t\t\t\t\t\t\t<\/div>\n\t\t\t\t\t\t\t\t\t\t\t<\/div>\n\t\t\t\t<\/div>\n\t\t\t<\/div>\n\t\t\t<a class=\"elementor-flip-box__layer elementor-flip-box__back\" href=\"http:\/\/aeroparklillelesquin.com\/index.php\/reservation\/\">\n\t\t\t<div class=\"elementor-flip-box__layer__overlay\">\n\t\t\t\t<div class=\"elementor-flip-box__layer__inner\">\n\t\t\t\t\t\t\t\t\t\t\t<h3 class=\"elementor-flip-box__layer__title\">\n\t\t\t\t\t\t\tNos tarifs sont d\u00e9gressifs en fonction de la dur\u00e9e de stationnement.\t\t\t\t\t\t<\/h3>\n\t\t\t\t\t\n\t\t\t\t\t\t\t\t\t\t\t<div class=\"elementor-flip-box__layer__description\">\n\t\t\t\t\t\t\tA partir de seulement 4 euros par jours, navette incluse, votre v\u00e9hicule est stationn\u00e9 sur notre parking enti\u00e8rement clos. \nAEROPARK Lille-Lesquin est la solution \u00e9conomique \u00e0 3 minutes de vos terminaux.\t\t\t\t\t\t<\/div>\n\t\t\t\t\t\n\t\t\t\t\t\t\t\t\t\t\t<span class=\"elementor-flip-box__button elementor-button elementor-size-sm\">\n\t\t\t\t\t\t\tRESERVATION\t\t\t\t\t\t<\/span>\n\t\t\t\t\t\t\t\t<\/div>\n\t\t<\/div>\n\t\t<\/a>\n\t\t<\/div>\n\t\t\t\t\t\t<\/div>\n\t\t\t\t<\/div>\n\t\t\t\t\t<\/div>\n\t\t<\/div>\n\t\t\t\t<div class=\"elementor-column elementor-col-50 elementor-inner-column elementor-element elementor-element-4a876cab\" data-id=\"4a876cab\" data-element_type=\"column\">\n\t\t\t<div class=\"elementor-widget-wrap elementor-element-populated\">\n\t\t\t\t\t\t<div class=\"elementor-element elementor-element-65bd725a elementor-widget__width-auto elementor-widget elementor-widget-heading\" data-id=\"65bd725a\" data-element_type=\"widget\" data-widget_type=\"heading.default\">\n\t\t\t\t<div class=\"elementor-widget-container\">\n\t\t\t\t\t<h2 class=\"elementor-heading-title elementor-size-default\">Service de navette<\/h2>\t\t\t\t<\/div>\n\t\t\t\t<\/div>\n\t\t\t\t<div class=\"elementor-element elementor-element-71831c6e elementor-flip-box--effect-fade elementor-widget elementor-widget-flip-box\" data-id=\"71831c6e\" data-element_type=\"widget\" data-widget_type=\"flip-box.default\">\n\t\t\t\t<div class=\"elementor-widget-container\">\n\t\t\t\t\t\t\t<div class=\"elementor-flip-box\" tabindex=\"0\">\n\t\t\t<div class=\"elementor-flip-box__layer elementor-flip-box__front\">\n\t\t\t\t<div class=\"elementor-flip-box__layer__overlay\">\n\t\t\t\t\t<div class=\"elementor-flip-box__layer__inner\">\n\t\t\t\t\t\t\n\t\t\t\t\t\t\t\t\t\t\t\t\t<h3 class=\"elementor-flip-box__layer__title\">\n\t\t\t\t\t\t\t\tDur\u00e9e variable \u2022 Gratuit\t\t\t\t\t\t\t<\/h3>\n\t\t\t\t\t\t\n\t\t\t\t\t\t\t\t\t\t\t\t\t<div class=\"elementor-flip-box__layer__description\">\n\t\t\t\t\t\t\t\tService de navette \n       GRATUIT\n     24h\/24 7j\/7\t\t\t\t\t\t\t<\/div>\n\t\t\t\t\t\t\t\t\t\t\t<\/div>\n\t\t\t\t<\/div>\n\t\t\t<\/div>\n\t\t\t<a class=\"elementor-flip-box__layer elementor-flip-box__back\" href=\"http:\/\/aeroparklillelesquin.com\/index.php\/reservation\/\">\n\t\t\t<div class=\"elementor-flip-box__layer__overlay\">\n\t\t\t\t<div class=\"elementor-flip-box__layer__inner\">\n\t\t\t\t\t\t\t\t\t\t\t<h3 class=\"elementor-flip-box__layer__title\">\n\t\t\t\t\t\t\tDe jours comme de nuit,\t\t\t\t\t\t<\/h3>\n\t\t\t\t\t\n\t\t\t\t\t\t\t\t\t\t\t<div class=\"elementor-flip-box__layer__description\">\n\t\t\t\t\t\t\t Notre service de navette est enti\u00e8rement gratuit et vous conduit en moins de 5 minutes aux terminaux de votre choix!\n\nA votre retour, votre chauffeur AEROPARK vous attend au m\u00eame point de d\u00e9pose.\t\t\t\t\t\t<\/div>\n\t\t\t\t\t\n\t\t\t\t\t\t\t\t\t\t\t<span class=\"elementor-flip-box__button elementor-button elementor-size-sm\">\n\t\t\t\t\t\t\tReservation\t\t\t\t\t\t<\/span>\n\t\t\t\t\t\t\t\t<\/div>\n\t\t<\/div>\n\t\t<\/a>\n\t\t<\/div>\n\t\t\t\t\t\t<\/div>\n\t\t\t\t<\/div>\n\t\t\t\t\t<\/div>\n\t\t<\/div>\n\t\t\t\t\t<\/div>\n\t\t<\/section>\n\t\t\t\t<section class=\"elementor-section elementor-inner-section elementor-element elementor-element-2fa6c0e9 elementor-section-full_width elementor-section-height-default elementor-section-height-default\" data-id=\"2fa6c0e9\" data-element_type=\"section\">\n\t\t\t\t\t\t<div class=\"elementor-container elementor-column-gap-default\">\n\t\t\t\t\t<div class=\"elementor-column elementor-col-50 elementor-inner-column elementor-element elementor-element-2678642f\" data-id=\"2678642f\" data-element_type=\"column\">\n\t\t\t<div class=\"elementor-widget-wrap elementor-element-populated\">\n\t\t\t\t\t\t<div class=\"elementor-element elementor-element-7355c28f elementor-widget__width-auto elementor-widget elementor-widget-heading\" data-id=\"7355c28f\" data-element_type=\"widget\" data-widget_type=\"heading.default\">\n\t\t\t\t<div class=\"elementor-widget-container\">\n\t\t\t\t\t<h2 class=\"elementor-heading-title elementor-size-default\">Service de voiturier<\/h2>\t\t\t\t<\/div>\n\t\t\t\t<\/div>\n\t\t\t\t<div class=\"elementor-element elementor-element-340730df elementor-flip-box--effect-fade elementor-widget elementor-widget-flip-box\" data-id=\"340730df\" data-element_type=\"widget\" data-widget_type=\"flip-box.default\">\n\t\t\t\t<div class=\"elementor-widget-container\">\n\t\t\t\t\t\t\t<div class=\"elementor-flip-box\" tabindex=\"0\">\n\t\t\t<div class=\"elementor-flip-box__layer elementor-flip-box__front\">\n\t\t\t\t<div class=\"elementor-flip-box__layer__overlay\">\n\t\t\t\t\t<div class=\"elementor-flip-box__layer__inner\">\n\t\t\t\t\t\t\n\t\t\t\t\t\t\t\t\t\t\t\t\t<h3 class=\"elementor-flip-box__layer__title\">\n\t\t\t\t\t\t\t\tDur\u00e9e variable \u2022 \u00c0 partir de 49 \u20ac\t\t\t\t\t\t\t<\/h3>\n\t\t\t\t\t\t\n\t\t\t\t\t\t\t\t\t\t\t\t\t<div class=\"elementor-flip-box__layer__description\">\n\t\t\t\t\t\t\t\tService de voiturier 24h\/24 7j\/7\n         A\u00e9roport de Lesquin \n              Gares de Lille \t\t\t\t\t\t\t<\/div>\n\t\t\t\t\t\t\t\t\t\t\t<\/div>\n\t\t\t\t<\/div>\n\t\t\t<\/div>\n\t\t\t<a class=\"elementor-flip-box__layer elementor-flip-box__back\" href=\"http:\/\/aeroparklillelesquin.com\/index.php\/reservation\/\">\n\t\t\t<div class=\"elementor-flip-box__layer__overlay\">\n\t\t\t\t<div class=\"elementor-flip-box__layer__inner\">\n\t\t\t\t\t\t\t\t\t\t\t<h3 class=\"elementor-flip-box__layer__title\">\n\t\t\t\t\t\t\tVotre voiturier AEROPARK vous accueille au d\u00e9pose minute de votre choix,\t\t\t\t\t\t<\/h3>\n\t\t\t\t\t\n\t\t\t\t\t\t\t\t\t\t\t<div class=\"elementor-flip-box__layer__description\">\n\t\t\t\t\t\t\tUne fois le tour du v\u00e9hicule effectu\u00e9, il vous aide \u00e0 d\u00e9charger vos bagages. \n\nDurant votre s\u00e9jour, votre v\u00e9hicule est stationn\u00e9 dans notre parking s\u00e9curis\u00e9. \n\n\u00c0 votre retour, votre voiturier AEROPARK et votre voiture vous attendent au m\u00eame point de d\u00e9pose\t\t\t\t\t\t<\/div>\n\t\t\t\t\t\n\t\t\t\t\t\t\t\t\t\t\t<span class=\"elementor-flip-box__button elementor-button elementor-size-sm\">\n\t\t\t\t\t\t\tRESERVATION\t\t\t\t\t\t<\/span>\n\t\t\t\t\t\t\t\t<\/div>\n\t\t<\/div>\n\t\t<\/a>\n\t\t<\/div>\n\t\t\t\t\t\t<\/div>\n\t\t\t\t<\/div>\n\t\t\t\t\t<\/div>\n\t\t<\/div>\n\t\t\t\t<div class=\"elementor-column elementor-col-50 elementor-inner-column elementor-element elementor-element-5107b0fd\" data-id=\"5107b0fd\" data-element_type=\"column\">\n\t\t\t<div class=\"elementor-widget-wrap elementor-element-populated\">\n\t\t\t\t\t\t<div class=\"elementor-element elementor-element-414b541f elementor-widget__width-auto elementor-widget elementor-widget-heading\" data-id=\"414b541f\" data-element_type=\"widget\" data-widget_type=\"heading.default\">\n\t\t\t\t<div class=\"elementor-widget-container\">\n\t\t\t\t\t<h2 class=\"elementor-heading-title elementor-size-default\">Service de nettoyage<\/h2>\t\t\t\t<\/div>\n\t\t\t\t<\/div>\n\t\t\t\t<div class=\"elementor-element elementor-element-4b31102e elementor-flip-box--effect-fade elementor-widget elementor-widget-flip-box\" data-id=\"4b31102e\" data-element_type=\"widget\" data-widget_type=\"flip-box.default\">\n\t\t\t\t<div class=\"elementor-widget-container\">\n\t\t\t\t\t\t\t<div class=\"elementor-flip-box\" tabindex=\"0\">\n\t\t\t<div class=\"elementor-flip-box__layer elementor-flip-box__front\">\n\t\t\t\t<div class=\"elementor-flip-box__layer__overlay\">\n\t\t\t\t\t<div class=\"elementor-flip-box__layer__inner\">\n\t\t\t\t\t\t\n\t\t\t\t\t\t\t\t\t\t\t\t\t<h3 class=\"elementor-flip-box__layer__title\">\n\t\t\t\t\t\t\t\tDur\u00e9e variable \u2022 \u00c0 partir de 25 \u20ac\t\t\t\t\t\t\t<\/h3>\n\t\t\t\t\t\t\n\t\t\t\t\t\t\t\t\t\t\t\t\t<div class=\"elementor-flip-box__layer__description\">\n\t\t\t\t\t\t\t\tService de nettoyage \n   PROFESSIONNEL\n   Int\u00e9rieur\/Ext\u00e9rieur\n\nNettoyage carrosserie, seuil de coffre, seuils de portes,  r\u00e9troviseurs, trappe \u00e0 essence, jantes et baie de pare brise. S\u00e9chage complet de la carrosserie et des seuils de portes.\n\t\t\t\t\t\t\t<\/div>\n\t\t\t\t\t\t\t\t\t\t\t<\/div>\n\t\t\t\t<\/div>\n\t\t\t<\/div>\n\t\t\t<a class=\"elementor-flip-box__layer elementor-flip-box__back\" href=\"http:\/\/aeroparklillelesquin.com\/index.php\/reservation\/\">\n\t\t\t<div class=\"elementor-flip-box__layer__overlay\">\n\t\t\t\t<div class=\"elementor-flip-box__layer__inner\">\n\t\t\t\t\t\n\t\t\t\t\t\t\t\t\t\t\t<div class=\"elementor-flip-box__layer__description\">\n\t\t\t\t\t\t\t\nInt\u00e9rieur : \nAspiration des tissus et moquettes (inclus tapis de sol), plastiques (si\u00e8ges, tableau de bord, panneaux de porte, volant, commodos, coffre, garnitures, grilles de ventilation), p\u00e9dalier, rails de si\u00e8ge, nettoyage des vitres, r\u00e9troviseur int\u00e9rieur+miroir de courtoisie, compteur.\nD\u00e9sodorisation compl\u00e8te du v\u00e9hicule. \n\t\t\t\t\t\t<\/div>\n\t\t\t\t\t\n\t\t\t\t\t\t\t\t\t\t\t<span class=\"elementor-flip-box__button elementor-button elementor-size-sm\">\n\t\t\t\t\t\t\tRESERVATION\t\t\t\t\t\t<\/span>\n\t\t\t\t\t\t\t\t<\/div>\n\t\t<\/div>\n\t\t<\/a>\n\t\t<\/div>\n\t\t\t\t\t\t<\/div>\n\t\t\t\t<\/div>\n\t\t\t\t\t<\/div>\n\t\t<\/div>\n\t\t\t\t\t<\/div>\n\t\t<\/section>\n\t\t\t\t\t<\/div>\n\t\t<\/div>\n\t\t\t\t\t<\/div>\n\t\t<\/section>\n\t\t\t\t<\/div>\n\t\t","protected":false},"excerpt":{"rendered":"<p>AEROPARK Lille-Lesquin Le 1er parking PRIV\u00c9 \u00e0 l&#8217;A\u00e9roport et les Gares de Lille arrow-icon-down Nos Services Service de stationnement Dur\u00e9e variable \u2022 Prix variable Service de stationnement SECURISE 24h\/24 7j\/7 Nos tarifs sont d\u00e9gressifs en fonction de la dur\u00e9e de stationnement. A partir de seulement 4 euros par jours, navette incluse, votre v\u00e9hicule est stationn\u00e9 &hellip; <\/p>\n<p class=\"link-more\"><a href=\"https:\/\/aeroparklillelesquin.com\/index.php\/service-parking\/\" class=\"more-link\">Continuer la lecture <span class=\"screen-reader-text\"> \u00ab\u00a0service parking\u00a0\u00bb<\/span><\/a><\/p>\n","protected":false},"author":1,"featured_media":0,"parent":0,"menu_order":0,"comment_status":"closed","ping_status":"closed","template":"elementor_header_footer","meta":{"footnotes":""},"class_list":["post-15","page","type-page","status-publish","hentry","entry"],"yoast_head":"<!-- This site is optimized with the Yoast SEO plugin v25.8 - https:\/\/yoast.com\/wordpress\/plugins\/seo\/ -->\n<title>service parking - AEROPARK Lille Lesquin<\/title>\n<meta name=\"description\" content=\"D\u00e9couvrez toutes nos offres et nos services pour prendre soin de votre voiture durant votre s\u00e9jour. L&#039;\u00e9quipe A\u00e9ropark Lille Lesquin.\" \/>\n<meta name=\"robots\" content=\"index, follow, max-snippet:-1, max-image-preview:large, max-video-preview:-1\" \/>\n<link rel=\"canonical\" href=\"https:\/\/aeroparklillelesquin.com\/index.php\/service-parking\/\" \/>\n<meta property=\"og:locale\" content=\"fr_FR\" \/>\n<meta property=\"og:type\" content=\"article\" \/>\n<meta property=\"og:title\" content=\"service parking - AEROPARK Lille Lesquin\" \/>\n<meta property=\"og:description\" content=\"D\u00e9couvrez toutes nos offres et nos services pour prendre soin de votre voiture durant votre s\u00e9jour. L&#039;\u00e9quipe A\u00e9ropark Lille Lesquin.\" \/>\n<meta property=\"og:url\" content=\"https:\/\/aeroparklillelesquin.com\/index.php\/service-parking\/\" \/>\n<meta property=\"og:site_name\" content=\"AEROPARK Lille Lesquin\" \/>\n<meta property=\"article:publisher\" content=\"https:\/\/www.facebook.com\/AeroparkLilleLesquin\/\" \/>\n<meta property=\"article:modified_time\" content=\"2022-05-25T07:19:58+00:00\" \/>\n<meta name=\"twitter:card\" content=\"summary_large_image\" \/>\n<meta name=\"twitter:label1\" content=\"Dur\u00e9e de lecture estim\u00e9e\" \/>\n\t<meta name=\"twitter:data1\" content=\"2 minutes\" \/>\n<script type=\"application\/ld+json\" class=\"yoast-schema-graph\">{\"@context\":\"https:\/\/schema.org\",\"@graph\":[{\"@type\":\"WebPage\",\"@id\":\"https:\/\/aeroparklillelesquin.com\/index.php\/service-parking\/\",\"url\":\"https:\/\/aeroparklillelesquin.com\/index.php\/service-parking\/\",\"name\":\"service parking - AEROPARK Lille Lesquin\",\"isPartOf\":{\"@id\":\"https:\/\/aeroparklillelesquin.com\/#website\"},\"datePublished\":\"2020-05-18T12:21:10+00:00\",\"dateModified\":\"2022-05-25T07:19:58+00:00\",\"description\":\"D\u00e9couvrez toutes nos offres et nos services pour prendre soin de votre voiture durant votre s\u00e9jour. L'\u00e9quipe A\u00e9ropark Lille Lesquin.\",\"breadcrumb\":{\"@id\":\"https:\/\/aeroparklillelesquin.com\/index.php\/service-parking\/#breadcrumb\"},\"inLanguage\":\"fr-FR\",\"potentialAction\":[{\"@type\":\"ReadAction\",\"target\":[\"https:\/\/aeroparklillelesquin.com\/index.php\/service-parking\/\"]}]},{\"@type\":\"BreadcrumbList\",\"@id\":\"https:\/\/aeroparklillelesquin.com\/index.php\/service-parking\/#breadcrumb\",\"itemListElement\":[{\"@type\":\"ListItem\",\"position\":1,\"name\":\"Accueil\",\"item\":\"https:\/\/aeroparklillelesquin.com\/\"},{\"@type\":\"ListItem\",\"position\":2,\"name\":\"service parking\"}]},{\"@type\":\"WebSite\",\"@id\":\"https:\/\/aeroparklillelesquin.com\/#website\",\"url\":\"https:\/\/aeroparklillelesquin.com\/\",\"name\":\"AEROPARK Lille Lesquin\",\"description\":\"Parking A\u00e9roport et Gares \u00e0 Lille Lesquin\",\"publisher\":{\"@id\":\"https:\/\/aeroparklillelesquin.com\/#organization\"},\"potentialAction\":[{\"@type\":\"SearchAction\",\"target\":{\"@type\":\"EntryPoint\",\"urlTemplate\":\"https:\/\/aeroparklillelesquin.com\/?s={search_term_string}\"},\"query-input\":{\"@type\":\"PropertyValueSpecification\",\"valueRequired\":true,\"valueName\":\"search_term_string\"}}],\"inLanguage\":\"fr-FR\"},{\"@type\":\"Organization\",\"@id\":\"https:\/\/aeroparklillelesquin.com\/#organization\",\"name\":\"AEROPARK Lille Lesquin\",\"url\":\"https:\/\/aeroparklillelesquin.com\/\",\"logo\":{\"@type\":\"ImageObject\",\"inLanguage\":\"fr-FR\",\"@id\":\"https:\/\/aeroparklillelesquin.com\/#\/schema\/logo\/image\/\",\"url\":\"https:\/\/aeroparklillelesquin.com\/wp-content\/uploads\/2025\/08\/aeropark-e1756708645634.jpg\",\"contentUrl\":\"https:\/\/aeroparklillelesquin.com\/wp-content\/uploads\/2025\/08\/aeropark-e1756708645634.jpg\",\"width\":787,\"height\":512,\"caption\":\"AEROPARK Lille Lesquin\"},\"image\":{\"@id\":\"https:\/\/aeroparklillelesquin.com\/#\/schema\/logo\/image\/\"},\"sameAs\":[\"https:\/\/www.facebook.com\/AeroparkLilleLesquin\/\"]}]}<\/script>\n<!-- \/ Yoast SEO plugin. -->","yoast_head_json":{"title":"service parking - AEROPARK Lille Lesquin","description":"D\u00e9couvrez toutes nos offres et nos services pour prendre soin de votre voiture durant votre s\u00e9jour. L'\u00e9quipe A\u00e9ropark Lille Lesquin.","robots":{"index":"index","follow":"follow","max-snippet":"max-snippet:-1","max-image-preview":"max-image-preview:large","max-video-preview":"max-video-preview:-1"},"canonical":"https:\/\/aeroparklillelesquin.com\/index.php\/service-parking\/","og_locale":"fr_FR","og_type":"article","og_title":"service parking - AEROPARK Lille Lesquin","og_description":"D\u00e9couvrez toutes nos offres et nos services pour prendre soin de votre voiture durant votre s\u00e9jour. L'\u00e9quipe A\u00e9ropark Lille Lesquin.","og_url":"https:\/\/aeroparklillelesquin.com\/index.php\/service-parking\/","og_site_name":"AEROPARK Lille Lesquin","article_publisher":"https:\/\/www.facebook.com\/AeroparkLilleLesquin\/","article_modified_time":"2022-05-25T07:19:58+00:00","twitter_card":"summary_large_image","twitter_misc":{"Dur\u00e9e de lecture estim\u00e9e":"2 minutes"},"schema":{"@context":"https:\/\/schema.org","@graph":[{"@type":"WebPage","@id":"https:\/\/aeroparklillelesquin.com\/index.php\/service-parking\/","url":"https:\/\/aeroparklillelesquin.com\/index.php\/service-parking\/","name":"service parking - AEROPARK Lille Lesquin","isPartOf":{"@id":"https:\/\/aeroparklillelesquin.com\/#website"},"datePublished":"2020-05-18T12:21:10+00:00","dateModified":"2022-05-25T07:19:58+00:00","description":"D\u00e9couvrez toutes nos offres et nos services pour prendre soin de votre voiture durant votre s\u00e9jour. L'\u00e9quipe A\u00e9ropark Lille Lesquin.","breadcrumb":{"@id":"https:\/\/aeroparklillelesquin.com\/index.php\/service-parking\/#breadcrumb"},"inLanguage":"fr-FR","potentialAction":[{"@type":"ReadAction","target":["https:\/\/aeroparklillelesquin.com\/index.php\/service-parking\/"]}]},{"@type":"BreadcrumbList","@id":"https:\/\/aeroparklillelesquin.com\/index.php\/service-parking\/#breadcrumb","itemListElement":[{"@type":"ListItem","position":1,"name":"Accueil","item":"https:\/\/aeroparklillelesquin.com\/"},{"@type":"ListItem","position":2,"name":"service parking"}]},{"@type":"WebSite","@id":"https:\/\/aeroparklillelesquin.com\/#website","url":"https:\/\/aeroparklillelesquin.com\/","name":"AEROPARK Lille Lesquin","description":"Parking A\u00e9roport et Gares \u00e0 Lille Lesquin","publisher":{"@id":"https:\/\/aeroparklillelesquin.com\/#organization"},"potentialAction":[{"@type":"SearchAction","target":{"@type":"EntryPoint","urlTemplate":"https:\/\/aeroparklillelesquin.com\/?s={search_term_string}"},"query-input":{"@type":"PropertyValueSpecification","valueRequired":true,"valueName":"search_term_string"}}],"inLanguage":"fr-FR"},{"@type":"Organization","@id":"https:\/\/aeroparklillelesquin.com\/#organization","name":"AEROPARK Lille Lesquin","url":"https:\/\/aeroparklillelesquin.com\/","logo":{"@type":"ImageObject","inLanguage":"fr-FR","@id":"https:\/\/aeroparklillelesquin.com\/#\/schema\/logo\/image\/","url":"https:\/\/aeroparklillelesquin.com\/wp-content\/uploads\/2025\/08\/aeropark-e1756708645634.jpg","contentUrl":"https:\/\/aeroparklillelesquin.com\/wp-content\/uploads\/2025\/08\/aeropark-e1756708645634.jpg","width":787,"height":512,"caption":"AEROPARK Lille Lesquin"},"image":{"@id":"https:\/\/aeroparklillelesquin.com\/#\/schema\/logo\/image\/"},"sameAs":["https:\/\/www.facebook.com\/AeroparkLilleLesquin\/"]}]}},"rttpg_featured_image_url":null,"rttpg_author":{"display_name":"admin1997","author_link":"https:\/\/aeroparklillelesquin.com\/index.php\/author\/admin1997\/"},"rttpg_comment":0,"rttpg_category":null,"rttpg_excerpt":"AEROPARK Lille-Lesquin Le 1er parking PRIV\u00c9 \u00e0 l&#8217;A\u00e9roport et les Gares de Lille arrow-icon-down Nos Services Service de stationnement Dur\u00e9e variable \u2022 Prix variable Service de stationnement SECURISE 24h\/24 7j\/7 Nos tarifs sont d\u00e9gressifs en fonction de la dur\u00e9e de stationnement. A partir de seulement 4 euros par jours, navette incluse, votre v\u00e9hicule est stationn\u00e9\u2026","_links":{"self":[{"href":"https:\/\/aeroparklillelesquin.com\/index.php\/wp-json\/wp\/v2\/pages\/15","targetHints":{"allow":["GET"]}}],"collection":[{"href":"https:\/\/aeroparklillelesquin.com\/index.php\/wp-json\/wp\/v2\/pages"}],"about":[{"href":"https:\/\/aeroparklillelesquin.com\/index.php\/wp-json\/wp\/v2\/types\/page"}],"author":[{"embeddable":true,"href":"https:\/\/aeroparklillelesquin.com\/index.php\/wp-json\/wp\/v2\/users\/1"}],"replies":[{"embeddable":true,"href":"https:\/\/aeroparklillelesquin.com\/index.php\/wp-json\/wp\/v2\/comments?post=15"}],"version-history":[{"count":25,"href":"https:\/\/aeroparklillelesquin.com\/index.php\/wp-json\/wp\/v2\/pages\/15\/revisions"}],"predecessor-version":[{"id":1063,"href":"https:\/\/aeroparklillelesquin.com\/index.php\/wp-json\/wp\/v2\/pages\/15\/revisions\/1063"}],"wp:attachment":[{"href":"https:\/\/aeroparklillelesquin.com\/index.php\/wp-json\/wp\/v2\/media?parent=15"}],"curies":[{"name":"wp","href":"https:\/\/api.w.org\/{rel}","templated":true}]}}