{"id":1332,"date":"2022-06-10T14:49:38","date_gmt":"2022-06-10T12:49:38","guid":{"rendered":"https:\/\/aeroparklillelesquin.com\/?page_id=1332"},"modified":"2025-09-12T08:13:30","modified_gmt":"2025-09-12T06:13:30","slug":"contact-2","status":"publish","type":"page","link":"https:\/\/aeroparklillelesquin.com\/index.php\/contact-2\/","title":{"rendered":"Contact"},"content":{"rendered":"\t\t<div data-elementor-type=\"wp-page\" data-elementor-id=\"1332\" data-post-id=\"1332\" data-obj-id=\"1332\" class=\"elementor elementor-1332 dce-elementor-post-1332\" data-elementor-post-type=\"page\">\n\t\t\t\t\t\t<section class=\"elementor-section elementor-top-section elementor-element elementor-element-d1abbe9 elementor-section-boxed elementor-section-height-default elementor-section-height-default\" data-id=\"d1abbe9\" data-element_type=\"section\">\n\t\t\t\t\t\t<div class=\"elementor-container elementor-column-gap-default\">\n\t\t\t\t\t<div class=\"elementor-column elementor-col-100 elementor-top-column elementor-element elementor-element-6c2d306\" data-id=\"6c2d306\" data-element_type=\"column\">\n\t\t\t<div class=\"elementor-widget-wrap elementor-element-populated\">\n\t\t\t\t\t\t<div class=\"elementor-element elementor-element-cef08ea elementor-widget elementor-widget-spacer\" data-id=\"cef08ea\" data-element_type=\"widget\" data-widget_type=\"spacer.default\">\n\t\t\t\t<div class=\"elementor-widget-container\">\n\t\t\t\t\t\t\t<div class=\"elementor-spacer\">\n\t\t\t<div class=\"elementor-spacer-inner\"><\/div>\n\t\t<\/div>\n\t\t\t\t\t\t<\/div>\n\t\t\t\t<\/div>\n\t\t\t\t\t<\/div>\n\t\t<\/div>\n\t\t\t\t\t<\/div>\n\t\t<\/section>\n\t\t\t\t<section class=\"elementor-section elementor-top-section elementor-element elementor-element-2b17a21 elementor-section-boxed elementor-section-height-default elementor-section-height-default\" data-id=\"2b17a21\" data-element_type=\"section\">\n\t\t\t\t\t\t<div class=\"elementor-container elementor-column-gap-default\">\n\t\t\t\t\t<div class=\"elementor-column elementor-col-100 elementor-top-column elementor-element elementor-element-7fe9042\" data-id=\"7fe9042\" data-element_type=\"column\">\n\t\t\t<div class=\"elementor-widget-wrap elementor-element-populated\">\n\t\t\t\t\t\t<section class=\"elementor-section elementor-inner-section elementor-element elementor-element-4aeec00 elementor-section-boxed elementor-section-height-default elementor-section-height-default\" data-id=\"4aeec00\" data-element_type=\"section\">\n\t\t\t\t\t\t<div class=\"elementor-container elementor-column-gap-default\">\n\t\t\t\t\t<div class=\"elementor-column elementor-col-50 elementor-inner-column elementor-element elementor-element-382d3c0\" data-id=\"382d3c0\" data-element_type=\"column\">\n\t\t\t<div class=\"elementor-widget-wrap elementor-element-populated\">\n\t\t\t\t\t\t<div class=\"elementor-element elementor-element-1d5a3fd elementor-widget elementor-widget-heading\" data-id=\"1d5a3fd\" data-element_type=\"widget\" data-widget_type=\"heading.default\">\n\t\t\t\t<div class=\"elementor-widget-container\">\n\t\t\t\t\t<h1 class=\"elementor-heading-title elementor-size-xl\">NOUS CONTACTER<\/h1>\t\t\t\t<\/div>\n\t\t\t\t<\/div>\n\t\t\t\t<div class=\"elementor-element elementor-element-ddb9da7 elementor-widget-divider--view-line elementor-widget elementor-widget-divider\" data-id=\"ddb9da7\" data-element_type=\"widget\" data-widget_type=\"divider.default\">\n\t\t\t\t<div class=\"elementor-widget-container\">\n\t\t\t\t\t\t\t<div class=\"elementor-divider\">\n\t\t\t<span class=\"elementor-divider-separator\">\n\t\t\t\t\t\t<\/span>\n\t\t<\/div>\n\t\t\t\t\t\t<\/div>\n\t\t\t\t<\/div>\n\t\t\t\t<div class=\"elementor-element elementor-element-5cef9b1 elementor-icon-list--layout-traditional elementor-list-item-link-full_width elementor-widget elementor-widget-icon-list\" data-id=\"5cef9b1\" data-element_type=\"widget\" data-widget_type=\"icon-list.default\">\n\t\t\t\t<div class=\"elementor-widget-container\">\n\t\t\t\t\t\t\t<ul class=\"elementor-icon-list-items\">\n\t\t\t\t\t\t\t<li class=\"elementor-icon-list-item\">\n\t\t\t\t\t\t\t\t\t\t\t<span class=\"elementor-icon-list-icon\">\n\t\t\t\t\t\t\t<i aria-hidden=\"true\" class=\"fas fa-phone\"><\/i>\t\t\t\t\t\t<\/span>\n\t\t\t\t\t\t\t\t\t\t<span class=\"elementor-icon-list-text\"><b>+33 (0)7 64 09 05 92<\/b><\/span>\n\t\t\t\t\t\t\t\t\t<\/li>\n\t\t\t\t\t\t\t\t<li class=\"elementor-icon-list-item\">\n\t\t\t\t\t\t\t\t\t\t\t<span class=\"elementor-icon-list-icon\">\n\t\t\t\t\t\t\t<i aria-hidden=\"true\" class=\"fas fa-map-marker-alt\"><\/i>\t\t\t\t\t\t<\/span>\n\t\t\t\t\t\t\t\t\t\t<span class=\"elementor-icon-list-text\"><b>31 Boulevard Thomson 59810 LESQUIN<\/b><\/span>\n\t\t\t\t\t\t\t\t\t<\/li>\n\t\t\t\t\t\t\t\t<li class=\"elementor-icon-list-item\">\n\t\t\t\t\t\t\t\t\t\t\t<span class=\"elementor-icon-list-icon\">\n\t\t\t\t\t\t\t<i aria-hidden=\"true\" class=\"fas fa-envelope\"><\/i>\t\t\t\t\t\t<\/span>\n\t\t\t\t\t\t\t\t\t\t<span class=\"elementor-icon-list-text\"><b>Service Client<\/b> <br>contact@aeroparklillelesquin.com<\/span>\n\t\t\t\t\t\t\t\t\t<\/li>\n\t\t\t\t\t\t\t\t<li class=\"elementor-icon-list-item\">\n\t\t\t\t\t\t\t\t\t\t\t<span class=\"elementor-icon-list-icon\">\n\t\t\t\t\t\t\t<i aria-hidden=\"true\" class=\"fas fa-envelope\"><\/i>\t\t\t\t\t\t<\/span>\n\t\t\t\t\t\t\t\t\t\t<span class=\"elementor-icon-list-text\"><b>Service Facturation<\/b><br>comptabilite@aeroparklillelesquin.com<\/span>\n\t\t\t\t\t\t\t\t\t<\/li>\n\t\t\t\t\t\t\t\t<li class=\"elementor-icon-list-item\">\n\t\t\t\t\t\t\t\t\t\t\t<span class=\"elementor-icon-list-icon\">\n\t\t\t\t\t\t\t<i aria-hidden=\"true\" class=\"fas fa-envelope\"><\/i>\t\t\t\t\t\t<\/span>\n\t\t\t\t\t\t\t\t\t\t<span class=\"elementor-icon-list-text\"><b>Service Location de v\u00e9hicules<\/b><br>location@aeroparklillelesquin.com<\/span>\n\t\t\t\t\t\t\t\t\t<\/li>\n\t\t\t\t\t\t<\/ul>\n\t\t\t\t\t\t<\/div>\n\t\t\t\t<\/div>\n\t\t\t\t<div class=\"elementor-element elementor-element-99f5c1a elementor-widget elementor-widget-spacer\" data-id=\"99f5c1a\" data-element_type=\"widget\" data-widget_type=\"spacer.default\">\n\t\t\t\t<div class=\"elementor-widget-container\">\n\t\t\t\t\t\t\t<div class=\"elementor-spacer\">\n\t\t\t<div class=\"elementor-spacer-inner\"><\/div>\n\t\t<\/div>\n\t\t\t\t\t\t<\/div>\n\t\t\t\t<\/div>\n\t\t\t\t\t<\/div>\n\t\t<\/div>\n\t\t\t\t<div class=\"elementor-column elementor-col-50 elementor-inner-column elementor-element elementor-element-7e11b33\" data-id=\"7e11b33\" data-element_type=\"column\">\n\t\t\t<div class=\"elementor-widget-wrap elementor-element-populated\">\n\t\t\t\t\t\t<div class=\"elementor-element elementor-element-1b850b8 elementor-widget elementor-widget-heading\" data-id=\"1b850b8\" data-element_type=\"widget\" data-widget_type=\"heading.default\">\n\t\t\t\t<div class=\"elementor-widget-container\">\n\t\t\t\t\t<h1 class=\"elementor-heading-title elementor-size-xl\">NOUS TROUVER<\/h1>\t\t\t\t<\/div>\n\t\t\t\t<\/div>\n\t\t\t\t<div class=\"elementor-element elementor-element-4317a08 elementor-widget-divider--view-line elementor-widget elementor-widget-divider\" data-id=\"4317a08\" data-element_type=\"widget\" data-widget_type=\"divider.default\">\n\t\t\t\t<div class=\"elementor-widget-container\">\n\t\t\t\t\t\t\t<div class=\"elementor-divider\">\n\t\t\t<span class=\"elementor-divider-separator\">\n\t\t\t\t\t\t<\/span>\n\t\t<\/div>\n\t\t\t\t\t\t<\/div>\n\t\t\t\t<\/div>\n\t\t\t\t<div class=\"elementor-element elementor-element-fc32f9d elementor-widget elementor-widget-google_maps\" data-id=\"fc32f9d\" data-element_type=\"widget\" data-widget_type=\"google_maps.default\">\n\t\t\t\t<div class=\"elementor-widget-container\">\n\t\t\t\t\t\t\t<div class=\"elementor-custom-embed\">\n\t\t\t<iframe loading=\"lazy\"\n\t\t\t\t\tsrc=\"https:\/\/maps.google.com\/maps?q=AEROPARK%20Lille-Lesquin&#038;t=m&#038;z=12&#038;output=embed&#038;iwloc=near\"\n\t\t\t\t\ttitle=\"AEROPARK Lille-Lesquin\"\n\t\t\t\t\taria-label=\"AEROPARK Lille-Lesquin\"\n\t\t\t><\/iframe>\n\t\t<\/div>\n\t\t\t\t\t\t<\/div>\n\t\t\t\t<\/div>\n\t\t\t\t<div class=\"elementor-element elementor-element-fef95ec elementor-align-center elementor-tablet-align-center elementor-widget elementor-widget-button\" data-id=\"fef95ec\" data-element_type=\"widget\" data-widget_type=\"button.default\">\n\t\t\t\t<div class=\"elementor-widget-container\">\n\t\t\t\t\t\t\t\t\t<div class=\"elementor-button-wrapper\">\n\t\t\t\t\t<a class=\"elementor-button elementor-button-link elementor-size-md elementor-animation-grow\" href=\"https:\/\/www.google.com\/maps\/dir\/\/31+Bd+Thomson,+59810+Lesquin\/@50.5869533,3.1124803,15z\/data=!4m8!4m7!1m0!1m5!1m1!1s0x47c2d6f33dbdaea7:0x26cd8a494c2b1f52!2m2!1d3.1197803!2d50.5893116?entry=ttu&#038;g_ep=EgoyMDI0MTExMC4wIKXMDSoASAFQAw%3D%3D\">\n\t\t\t\t\t\t<span class=\"elementor-button-content-wrapper\">\n\t\t\t\t\t\t<span class=\"elementor-button-icon\">\n\t\t\t\t<i aria-hidden=\"true\" class=\"far fa-map\"><\/i>\t\t\t<\/span>\n\t\t\t\t\t\t\t\t\t<span class=\"elementor-button-text\">ITIN\u00c9RAIRE MAPS<\/span>\n\t\t\t\t\t<\/span>\n\t\t\t\t\t<\/a>\n\t\t\t\t<\/div>\n\t\t\t\t\t\t\t\t<\/div>\n\t\t\t\t<\/div>\n\t\t\t\t<div class=\"elementor-element elementor-element-9ce0530 elementor-align-center elementor-tablet-align-center elementor-widget elementor-widget-button\" data-id=\"9ce0530\" data-element_type=\"widget\" data-widget_type=\"button.default\">\n\t\t\t\t<div class=\"elementor-widget-container\">\n\t\t\t\t\t\t\t\t\t<div class=\"elementor-button-wrapper\">\n\t\t\t\t\t<a class=\"elementor-button elementor-button-link elementor-size-md elementor-animation-grow\" href=\"https:\/\/www.waze.com\/fr\/live-map\/directions\/fr\/hauts-de-france\/lesquin\/31-bd-thomson?to=place.ChIJp669PfPWwkcRUh8rTEmKzSY\">\n\t\t\t\t\t\t<span class=\"elementor-button-content-wrapper\">\n\t\t\t\t\t\t<span class=\"elementor-button-icon\">\n\t\t\t\t<i aria-hidden=\"true\" class=\"fab fa-waze\"><\/i>\t\t\t<\/span>\n\t\t\t\t\t\t\t\t\t<span class=\"elementor-button-text\">ITIN\u00c9RAIRE WAZE<\/span>\n\t\t\t\t\t<\/span>\n\t\t\t\t\t<\/a>\n\t\t\t\t<\/div>\n\t\t\t\t\t\t\t\t<\/div>\n\t\t\t\t<\/div>\n\t\t\t\t\t<\/div>\n\t\t<\/div>\n\t\t\t\t\t<\/div>\n\t\t<\/section>\n\t\t\t\t\t<\/div>\n\t\t<\/div>\n\t\t\t\t\t<\/div>\n\t\t<\/section>\n\t\t\t\t<\/div>\n\t\t","protected":false},"excerpt":{"rendered":"<p>NOUS CONTACTER +33 (0)7 64 09 05 92 31 Boulevard Thomson 59810 LESQUIN Service Client contact@aeroparklillelesquin.com Service Facturationcomptabilite@aeroparklillelesquin.com Service Location de v\u00e9hiculeslocation@aeroparklillelesquin.com NOUS TROUVER ITIN\u00c9RAIRE MAPS ITIN\u00c9RAIRE WAZE<\/p>\n","protected":false},"author":1,"featured_media":0,"parent":0,"menu_order":0,"comment_status":"closed","ping_status":"closed","template":"elementor_header_footer","meta":{"footnotes":""},"class_list":["post-1332","page","type-page","status-publish","hentry","entry"],"yoast_head":"<!-- This site is optimized with the Yoast SEO plugin v25.8 - https:\/\/yoast.com\/wordpress\/plugins\/seo\/ -->\n<title>Contact - AEROPARK Lille Lesquin<\/title>\n<meta name=\"robots\" content=\"index, follow, max-snippet:-1, max-image-preview:large, max-video-preview:-1\" \/>\n<link rel=\"canonical\" href=\"https:\/\/aeroparklillelesquin.com\/index.php\/contact-2\/\" \/>\n<meta property=\"og:locale\" content=\"fr_FR\" \/>\n<meta property=\"og:type\" content=\"article\" \/>\n<meta property=\"og:title\" content=\"Contact - AEROPARK Lille Lesquin\" \/>\n<meta property=\"og:description\" content=\"NOUS CONTACTER +33 (0)7 64 09 05 92 31 Boulevard Thomson 59810 LESQUIN Service Client contact@aeroparklillelesquin.com Service Facturationcomptabilite@aeroparklillelesquin.com Service Location de v\u00e9hiculeslocation@aeroparklillelesquin.com NOUS TROUVER ITIN\u00c9RAIRE MAPS ITIN\u00c9RAIRE WAZE\" \/>\n<meta property=\"og:url\" content=\"https:\/\/aeroparklillelesquin.com\/index.php\/contact-2\/\" \/>\n<meta property=\"og:site_name\" content=\"AEROPARK Lille Lesquin\" \/>\n<meta property=\"article:publisher\" content=\"https:\/\/www.facebook.com\/AeroparkLilleLesquin\/\" \/>\n<meta property=\"article:modified_time\" content=\"2025-09-12T06:13:30+00:00\" \/>\n<meta name=\"twitter:card\" content=\"summary_large_image\" \/>\n<meta name=\"twitter:label1\" content=\"Dur\u00e9e de lecture estim\u00e9e\" \/>\n\t<meta name=\"twitter:data1\" content=\"1 minute\" \/>\n<script type=\"application\/ld+json\" class=\"yoast-schema-graph\">{\"@context\":\"https:\/\/schema.org\",\"@graph\":[{\"@type\":\"WebPage\",\"@id\":\"https:\/\/aeroparklillelesquin.com\/index.php\/contact-2\/\",\"url\":\"https:\/\/aeroparklillelesquin.com\/index.php\/contact-2\/\",\"name\":\"Contact - AEROPARK Lille Lesquin\",\"isPartOf\":{\"@id\":\"https:\/\/aeroparklillelesquin.com\/#website\"},\"datePublished\":\"2022-06-10T12:49:38+00:00\",\"dateModified\":\"2025-09-12T06:13:30+00:00\",\"breadcrumb\":{\"@id\":\"https:\/\/aeroparklillelesquin.com\/index.php\/contact-2\/#breadcrumb\"},\"inLanguage\":\"fr-FR\",\"potentialAction\":[{\"@type\":\"ReadAction\",\"target\":[\"https:\/\/aeroparklillelesquin.com\/index.php\/contact-2\/\"]}]},{\"@type\":\"BreadcrumbList\",\"@id\":\"https:\/\/aeroparklillelesquin.com\/index.php\/contact-2\/#breadcrumb\",\"itemListElement\":[{\"@type\":\"ListItem\",\"position\":1,\"name\":\"Accueil\",\"item\":\"https:\/\/aeroparklillelesquin.com\/\"},{\"@type\":\"ListItem\",\"position\":2,\"name\":\"Contact\"}]},{\"@type\":\"WebSite\",\"@id\":\"https:\/\/aeroparklillelesquin.com\/#website\",\"url\":\"https:\/\/aeroparklillelesquin.com\/\",\"name\":\"AEROPARK Lille Lesquin\",\"description\":\"Parking A\u00e9roport et Gares \u00e0 Lille Lesquin\",\"publisher\":{\"@id\":\"https:\/\/aeroparklillelesquin.com\/#organization\"},\"potentialAction\":[{\"@type\":\"SearchAction\",\"target\":{\"@type\":\"EntryPoint\",\"urlTemplate\":\"https:\/\/aeroparklillelesquin.com\/?s={search_term_string}\"},\"query-input\":{\"@type\":\"PropertyValueSpecification\",\"valueRequired\":true,\"valueName\":\"search_term_string\"}}],\"inLanguage\":\"fr-FR\"},{\"@type\":\"Organization\",\"@id\":\"https:\/\/aeroparklillelesquin.com\/#organization\",\"name\":\"AEROPARK Lille Lesquin\",\"url\":\"https:\/\/aeroparklillelesquin.com\/\",\"logo\":{\"@type\":\"ImageObject\",\"inLanguage\":\"fr-FR\",\"@id\":\"https:\/\/aeroparklillelesquin.com\/#\/schema\/logo\/image\/\",\"url\":\"https:\/\/aeroparklillelesquin.com\/wp-content\/uploads\/2025\/08\/aeropark-e1756708645634.jpg\",\"contentUrl\":\"https:\/\/aeroparklillelesquin.com\/wp-content\/uploads\/2025\/08\/aeropark-e1756708645634.jpg\",\"width\":787,\"height\":512,\"caption\":\"AEROPARK Lille Lesquin\"},\"image\":{\"@id\":\"https:\/\/aeroparklillelesquin.com\/#\/schema\/logo\/image\/\"},\"sameAs\":[\"https:\/\/www.facebook.com\/AeroparkLilleLesquin\/\"]}]}<\/script>\n<!-- \/ Yoast SEO plugin. -->","yoast_head_json":{"title":"Contact - AEROPARK Lille Lesquin","robots":{"index":"index","follow":"follow","max-snippet":"max-snippet:-1","max-image-preview":"max-image-preview:large","max-video-preview":"max-video-preview:-1"},"canonical":"https:\/\/aeroparklillelesquin.com\/index.php\/contact-2\/","og_locale":"fr_FR","og_type":"article","og_title":"Contact - AEROPARK Lille Lesquin","og_description":"NOUS CONTACTER +33 (0)7 64 09 05 92 31 Boulevard Thomson 59810 LESQUIN Service Client contact@aeroparklillelesquin.com Service Facturationcomptabilite@aeroparklillelesquin.com Service Location de v\u00e9hiculeslocation@aeroparklillelesquin.com NOUS TROUVER ITIN\u00c9RAIRE MAPS ITIN\u00c9RAIRE WAZE","og_url":"https:\/\/aeroparklillelesquin.com\/index.php\/contact-2\/","og_site_name":"AEROPARK Lille Lesquin","article_publisher":"https:\/\/www.facebook.com\/AeroparkLilleLesquin\/","article_modified_time":"2025-09-12T06:13:30+00:00","twitter_card":"summary_large_image","twitter_misc":{"Dur\u00e9e de lecture estim\u00e9e":"1 minute"},"schema":{"@context":"https:\/\/schema.org","@graph":[{"@type":"WebPage","@id":"https:\/\/aeroparklillelesquin.com\/index.php\/contact-2\/","url":"https:\/\/aeroparklillelesquin.com\/index.php\/contact-2\/","name":"Contact - AEROPARK Lille Lesquin","isPartOf":{"@id":"https:\/\/aeroparklillelesquin.com\/#website"},"datePublished":"2022-06-10T12:49:38+00:00","dateModified":"2025-09-12T06:13:30+00:00","breadcrumb":{"@id":"https:\/\/aeroparklillelesquin.com\/index.php\/contact-2\/#breadcrumb"},"inLanguage":"fr-FR","potentialAction":[{"@type":"ReadAction","target":["https:\/\/aeroparklillelesquin.com\/index.php\/contact-2\/"]}]},{"@type":"BreadcrumbList","@id":"https:\/\/aeroparklillelesquin.com\/index.php\/contact-2\/#breadcrumb","itemListElement":[{"@type":"ListItem","position":1,"name":"Accueil","item":"https:\/\/aeroparklillelesquin.com\/"},{"@type":"ListItem","position":2,"name":"Contact"}]},{"@type":"WebSite","@id":"https:\/\/aeroparklillelesquin.com\/#website","url":"https:\/\/aeroparklillelesquin.com\/","name":"AEROPARK Lille Lesquin","description":"Parking A\u00e9roport et Gares \u00e0 Lille Lesquin","publisher":{"@id":"https:\/\/aeroparklillelesquin.com\/#organization"},"potentialAction":[{"@type":"SearchAction","target":{"@type":"EntryPoint","urlTemplate":"https:\/\/aeroparklillelesquin.com\/?s={search_term_string}"},"query-input":{"@type":"PropertyValueSpecification","valueRequired":true,"valueName":"search_term_string"}}],"inLanguage":"fr-FR"},{"@type":"Organization","@id":"https:\/\/aeroparklillelesquin.com\/#organization","name":"AEROPARK Lille Lesquin","url":"https:\/\/aeroparklillelesquin.com\/","logo":{"@type":"ImageObject","inLanguage":"fr-FR","@id":"https:\/\/aeroparklillelesquin.com\/#\/schema\/logo\/image\/","url":"https:\/\/aeroparklillelesquin.com\/wp-content\/uploads\/2025\/08\/aeropark-e1756708645634.jpg","contentUrl":"https:\/\/aeroparklillelesquin.com\/wp-content\/uploads\/2025\/08\/aeropark-e1756708645634.jpg","width":787,"height":512,"caption":"AEROPARK Lille Lesquin"},"image":{"@id":"https:\/\/aeroparklillelesquin.com\/#\/schema\/logo\/image\/"},"sameAs":["https:\/\/www.facebook.com\/AeroparkLilleLesquin\/"]}]}},"rttpg_featured_image_url":null,"rttpg_author":{"display_name":"admin1997","author_link":"https:\/\/aeroparklillelesquin.com\/index.php\/author\/admin1997\/"},"rttpg_comment":0,"rttpg_category":null,"rttpg_excerpt":"NOUS CONTACTER +33 (0)7 64 09 05 92 31 Boulevard Thomson 59810 LESQUIN Service Client contact@aeroparklillelesquin.com Service Facturationcomptabilite@aeroparklillelesquin.com Service Location de v\u00e9hiculeslocation@aeroparklillelesquin.com NOUS TROUVER ITIN\u00c9RAIRE MAPS ITIN\u00c9RAIRE WAZE","_links":{"self":[{"href":"https:\/\/aeroparklillelesquin.com\/index.php\/wp-json\/wp\/v2\/pages\/1332","targetHints":{"allow":["GET"]}}],"collection":[{"href":"https:\/\/aeroparklillelesquin.com\/index.php\/wp-json\/wp\/v2\/pages"}],"about":[{"href":"https:\/\/aeroparklillelesquin.com\/index.php\/wp-json\/wp\/v2\/types\/page"}],"author":[{"embeddable":true,"href":"https:\/\/aeroparklillelesquin.com\/index.php\/wp-json\/wp\/v2\/users\/1"}],"replies":[{"embeddable":true,"href":"https:\/\/aeroparklillelesquin.com\/index.php\/wp-json\/wp\/v2\/comments?post=1332"}],"version-history":[{"count":31,"href":"https:\/\/aeroparklillelesquin.com\/index.php\/wp-json\/wp\/v2\/pages\/1332\/revisions"}],"predecessor-version":[{"id":2972,"href":"https:\/\/aeroparklillelesquin.com\/index.php\/wp-json\/wp\/v2\/pages\/1332\/revisions\/2972"}],"wp:attachment":[{"href":"https:\/\/aeroparklillelesquin.com\/index.php\/wp-json\/wp\/v2\/media?parent=1332"}],"curies":[{"name":"wp","href":"https:\/\/api.w.org\/{rel}","templated":true}]}}