{"id":1019,"date":"2022-05-20T17:07:21","date_gmt":"2022-05-20T15:07:21","guid":{"rendered":"http:\/\/aeroparklillelesquin.com\/?page_id=1019"},"modified":"2025-09-12T07:48:26","modified_gmt":"2025-09-12T05:48:26","slug":"elementor-1019","status":"publish","type":"page","link":"https:\/\/aeroparklillelesquin.com\/index.php\/elementor-1019\/","title":{"rendered":"Mentions l\u00e9gales et CGV"},"content":{"rendered":"\t\t<div data-elementor-type=\"wp-page\" data-elementor-id=\"1019\" data-post-id=\"1019\" data-obj-id=\"1019\" class=\"elementor elementor-1019 dce-elementor-post-1019\" data-elementor-post-type=\"page\">\n\t\t\t\t\t\t<section class=\"elementor-section elementor-top-section elementor-element elementor-element-0292d4e elementor-section-boxed elementor-section-height-default elementor-section-height-default\" data-id=\"0292d4e\" data-element_type=\"section\">\n\t\t\t\t\t\t<div class=\"elementor-container elementor-column-gap-default\">\n\t\t\t\t\t<div class=\"elementor-column elementor-col-100 elementor-top-column elementor-element elementor-element-60efb3c\" data-id=\"60efb3c\" data-element_type=\"column\">\n\t\t\t<div class=\"elementor-widget-wrap elementor-element-populated\">\n\t\t\t\t\t\t<div class=\"elementor-element elementor-element-9fa8ffa elementor-widget elementor-widget-spacer\" data-id=\"9fa8ffa\" data-element_type=\"widget\" data-widget_type=\"spacer.default\">\n\t\t\t\t<div class=\"elementor-widget-container\">\n\t\t\t\t\t\t\t<div class=\"elementor-spacer\">\n\t\t\t<div class=\"elementor-spacer-inner\"><\/div>\n\t\t<\/div>\n\t\t\t\t\t\t<\/div>\n\t\t\t\t<\/div>\n\t\t\t\t<div class=\"elementor-element elementor-element-a94940f elementor-widget elementor-widget-heading\" data-id=\"a94940f\" data-element_type=\"widget\" data-widget_type=\"heading.default\">\n\t\t\t\t<div class=\"elementor-widget-container\">\n\t\t\t\t\t<h2 class=\"elementor-heading-title elementor-size-default\">Mentions L\u00e9gales et CGV<\/h2>\t\t\t\t<\/div>\n\t\t\t\t<\/div>\n\t\t\t\t<div class=\"elementor-element elementor-element-fe3deb9 elementor-widget elementor-widget-spacer\" data-id=\"fe3deb9\" data-element_type=\"widget\" data-widget_type=\"spacer.default\">\n\t\t\t\t<div class=\"elementor-widget-container\">\n\t\t\t\t\t\t\t<div class=\"elementor-spacer\">\n\t\t\t<div class=\"elementor-spacer-inner\"><\/div>\n\t\t<\/div>\n\t\t\t\t\t\t<\/div>\n\t\t\t\t<\/div>\n\t\t\t\t<section class=\"elementor-section elementor-inner-section elementor-element elementor-element-d16ab73 elementor-section-boxed elementor-section-height-default elementor-section-height-default\" data-id=\"d16ab73\" data-element_type=\"section\">\n\t\t\t\t\t\t<div class=\"elementor-container elementor-column-gap-default\">\n\t\t\t\t\t<div class=\"elementor-column elementor-col-50 elementor-inner-column elementor-element elementor-element-68c5f39\" data-id=\"68c5f39\" data-element_type=\"column\">\n\t\t\t<div class=\"elementor-widget-wrap elementor-element-populated\">\n\t\t\t\t\t\t<div class=\"elementor-element elementor-element-bde2906 dce_masking-none elementor-widget elementor-widget-image\" data-id=\"bde2906\" data-element_type=\"widget\" data-widget_type=\"image.default\">\n\t\t\t\t<div class=\"elementor-widget-container\">\n\t\t\t\t\t\t\t\t\t\t\t\t\t\t\t\t<a href=\"https:\/\/aeroparklillelesquin.com\/wp-content\/uploads\/2025\/02\/Mentions-le\u0301gales-AEROPARK-Lille-Lesquin.pdf\" target=\"_blank\">\n\t\t\t\t\t\t\t<img fetchpriority=\"high\" decoding=\"async\" width=\"300\" height=\"300\" src=\"https:\/\/aeroparklillelesquin.com\/wp-content\/uploads\/2025\/09\/263103-300x300.png\" class=\"attachment-medium size-medium wp-image-2926\" alt=\"\" srcset=\"https:\/\/aeroparklillelesquin.com\/wp-content\/uploads\/2025\/09\/263103-300x300.png 300w, https:\/\/aeroparklillelesquin.com\/wp-content\/uploads\/2025\/09\/263103-150x150.png 150w, https:\/\/aeroparklillelesquin.com\/wp-content\/uploads\/2025\/09\/263103.png 512w\" sizes=\"(max-width: 34.9rem) calc(100vw - 2rem), (max-width: 53rem) calc(8 * (100vw \/ 12)), (min-width: 53rem) calc(6 * (100vw \/ 12)), 100vw\" \/>\t\t\t\t\t\t\t\t<\/a>\n\t\t\t\t\t\t\t\t\t\t\t\t\t\t\t<\/div>\n\t\t\t\t<\/div>\n\t\t\t\t<div class=\"elementor-element elementor-element-fdb7610 elementor-widget elementor-widget-heading\" data-id=\"fdb7610\" data-element_type=\"widget\" data-widget_type=\"heading.default\">\n\t\t\t\t<div class=\"elementor-widget-container\">\n\t\t\t\t\t<h3 class=\"elementor-heading-title elementor-size-small\"><a href=\"https:\/\/aeroparklillelesquin.com\/wp-content\/uploads\/2025\/02\/Mentions-le\u0301gales-AEROPARK-Lille-Lesquin.pdf\"><u>Consulter nos Mentions L\u00e9gales<\/u><\/a><\/h3>\t\t\t\t<\/div>\n\t\t\t\t<\/div>\n\t\t\t\t\t<\/div>\n\t\t<\/div>\n\t\t\t\t<div class=\"elementor-column elementor-col-50 elementor-inner-column elementor-element elementor-element-4a7c10d\" data-id=\"4a7c10d\" data-element_type=\"column\">\n\t\t\t<div class=\"elementor-widget-wrap elementor-element-populated\">\n\t\t\t\t\t\t<div class=\"elementor-element elementor-element-c31acd8 dce_masking-none elementor-widget elementor-widget-image\" data-id=\"c31acd8\" data-element_type=\"widget\" data-widget_type=\"image.default\">\n\t\t\t\t<div class=\"elementor-widget-container\">\n\t\t\t\t\t\t\t\t\t\t\t\t\t\t\t\t<a href=\"https:\/\/aeroparklillelesquin.com\/wp-content\/uploads\/2025\/08\/CGV-AEROPARK-Lille-Lesquin-01032025.pdf\" target=\"_blank\">\n\t\t\t\t\t\t\t<img fetchpriority=\"high\" decoding=\"async\" width=\"300\" height=\"300\" src=\"https:\/\/aeroparklillelesquin.com\/wp-content\/uploads\/2025\/09\/263103-300x300.png\" class=\"attachment-medium size-medium wp-image-2926\" alt=\"\" srcset=\"https:\/\/aeroparklillelesquin.com\/wp-content\/uploads\/2025\/09\/263103-300x300.png 300w, https:\/\/aeroparklillelesquin.com\/wp-content\/uploads\/2025\/09\/263103-150x150.png 150w, https:\/\/aeroparklillelesquin.com\/wp-content\/uploads\/2025\/09\/263103.png 512w\" sizes=\"(max-width: 34.9rem) calc(100vw - 2rem), (max-width: 53rem) calc(8 * (100vw \/ 12)), (min-width: 53rem) calc(6 * (100vw \/ 12)), 100vw\" \/>\t\t\t\t\t\t\t\t<\/a>\n\t\t\t\t\t\t\t\t\t\t\t\t\t\t\t<\/div>\n\t\t\t\t<\/div>\n\t\t\t\t<div class=\"elementor-element elementor-element-42a04d3 elementor-widget elementor-widget-heading\" data-id=\"42a04d3\" data-element_type=\"widget\" data-widget_type=\"heading.default\">\n\t\t\t\t<div class=\"elementor-widget-container\">\n\t\t\t\t\t<h3 class=\"elementor-heading-title elementor-size-small\"><a href=\"https:\/\/aeroparklillelesquin.com\/wp-content\/uploads\/2025\/08\/CGV-AEROPARK-Lille-Lesquin-01032025.pdf\"><u>Consulter nos Conditions G\u00e9n\u00e9rales de Vente<\/u><\/a><\/h3>\t\t\t\t<\/div>\n\t\t\t\t<\/div>\n\t\t\t\t\t<\/div>\n\t\t<\/div>\n\t\t\t\t\t<\/div>\n\t\t<\/section>\n\t\t\t\t\t<\/div>\n\t\t<\/div>\n\t\t\t\t\t<\/div>\n\t\t<\/section>\n\t\t\t\t<\/div>\n\t\t","protected":false},"excerpt":{"rendered":"<p>Mentions L\u00e9gales et CGV Consulter nos Mentions L\u00e9gales Consulter nos Conditions G\u00e9n\u00e9rales de Vente<\/p>\n","protected":false},"author":1,"featured_media":0,"parent":0,"menu_order":0,"comment_status":"closed","ping_status":"closed","template":"elementor_header_footer","meta":{"footnotes":""},"class_list":["post-1019","page","type-page","status-publish","hentry","entry"],"yoast_head":"<!-- This site is optimized with the Yoast SEO plugin v25.8 - https:\/\/yoast.com\/wordpress\/plugins\/seo\/ -->\n<title>Mentions l\u00e9gales et CGV - AEROPARK Lille Lesquin<\/title>\n<meta name=\"robots\" content=\"index, follow, max-snippet:-1, max-image-preview:large, max-video-preview:-1\" \/>\n<link rel=\"canonical\" href=\"https:\/\/aeroparklillelesquin.com\/index.php\/elementor-1019\/\" \/>\n<meta property=\"og:locale\" content=\"fr_FR\" \/>\n<meta property=\"og:type\" content=\"article\" \/>\n<meta property=\"og:title\" content=\"Mentions l\u00e9gales et CGV - AEROPARK Lille Lesquin\" \/>\n<meta property=\"og:description\" content=\"Mentions L\u00e9gales et CGV Consulter nos Mentions L\u00e9gales Consulter nos Conditions G\u00e9n\u00e9rales de Vente\" \/>\n<meta property=\"og:url\" content=\"https:\/\/aeroparklillelesquin.com\/index.php\/elementor-1019\/\" \/>\n<meta property=\"og:site_name\" content=\"AEROPARK Lille Lesquin\" \/>\n<meta property=\"article:publisher\" content=\"https:\/\/www.facebook.com\/AeroparkLilleLesquin\/\" \/>\n<meta property=\"article:modified_time\" content=\"2025-09-12T05:48:26+00:00\" \/>\n<meta property=\"og:image\" content=\"https:\/\/aeroparklillelesquin.com\/wp-content\/uploads\/2025\/09\/263103.png\" \/>\n\t<meta property=\"og:image:width\" content=\"512\" \/>\n\t<meta property=\"og:image:height\" content=\"512\" \/>\n\t<meta property=\"og:image:type\" content=\"image\/png\" \/>\n<meta name=\"twitter:card\" content=\"summary_large_image\" \/>\n<meta name=\"twitter:label1\" content=\"Dur\u00e9e de lecture estim\u00e9e\" \/>\n\t<meta name=\"twitter:data1\" content=\"1 minute\" \/>\n<script type=\"application\/ld+json\" class=\"yoast-schema-graph\">{\"@context\":\"https:\/\/schema.org\",\"@graph\":[{\"@type\":\"WebPage\",\"@id\":\"https:\/\/aeroparklillelesquin.com\/index.php\/elementor-1019\/\",\"url\":\"https:\/\/aeroparklillelesquin.com\/index.php\/elementor-1019\/\",\"name\":\"Mentions l\u00e9gales et CGV - AEROPARK Lille Lesquin\",\"isPartOf\":{\"@id\":\"https:\/\/aeroparklillelesquin.com\/#website\"},\"primaryImageOfPage\":{\"@id\":\"https:\/\/aeroparklillelesquin.com\/index.php\/elementor-1019\/#primaryimage\"},\"image\":{\"@id\":\"https:\/\/aeroparklillelesquin.com\/index.php\/elementor-1019\/#primaryimage\"},\"thumbnailUrl\":\"https:\/\/aeroparklillelesquin.com\/wp-content\/uploads\/2025\/09\/263103-300x300.png\",\"datePublished\":\"2022-05-20T15:07:21+00:00\",\"dateModified\":\"2025-09-12T05:48:26+00:00\",\"breadcrumb\":{\"@id\":\"https:\/\/aeroparklillelesquin.com\/index.php\/elementor-1019\/#breadcrumb\"},\"inLanguage\":\"fr-FR\",\"potentialAction\":[{\"@type\":\"ReadAction\",\"target\":[\"https:\/\/aeroparklillelesquin.com\/index.php\/elementor-1019\/\"]}]},{\"@type\":\"ImageObject\",\"inLanguage\":\"fr-FR\",\"@id\":\"https:\/\/aeroparklillelesquin.com\/index.php\/elementor-1019\/#primaryimage\",\"url\":\"https:\/\/aeroparklillelesquin.com\/wp-content\/uploads\/2025\/09\/263103.png\",\"contentUrl\":\"https:\/\/aeroparklillelesquin.com\/wp-content\/uploads\/2025\/09\/263103.png\",\"width\":512,\"height\":512},{\"@type\":\"BreadcrumbList\",\"@id\":\"https:\/\/aeroparklillelesquin.com\/index.php\/elementor-1019\/#breadcrumb\",\"itemListElement\":[{\"@type\":\"ListItem\",\"position\":1,\"name\":\"Accueil\",\"item\":\"https:\/\/aeroparklillelesquin.com\/\"},{\"@type\":\"ListItem\",\"position\":2,\"name\":\"Mentions l\u00e9gales et CGV\"}]},{\"@type\":\"WebSite\",\"@id\":\"https:\/\/aeroparklillelesquin.com\/#website\",\"url\":\"https:\/\/aeroparklillelesquin.com\/\",\"name\":\"AEROPARK Lille Lesquin\",\"description\":\"Parking A\u00e9roport et Gares \u00e0 Lille Lesquin\",\"publisher\":{\"@id\":\"https:\/\/aeroparklillelesquin.com\/#organization\"},\"potentialAction\":[{\"@type\":\"SearchAction\",\"target\":{\"@type\":\"EntryPoint\",\"urlTemplate\":\"https:\/\/aeroparklillelesquin.com\/?s={search_term_string}\"},\"query-input\":{\"@type\":\"PropertyValueSpecification\",\"valueRequired\":true,\"valueName\":\"search_term_string\"}}],\"inLanguage\":\"fr-FR\"},{\"@type\":\"Organization\",\"@id\":\"https:\/\/aeroparklillelesquin.com\/#organization\",\"name\":\"AEROPARK Lille Lesquin\",\"url\":\"https:\/\/aeroparklillelesquin.com\/\",\"logo\":{\"@type\":\"ImageObject\",\"inLanguage\":\"fr-FR\",\"@id\":\"https:\/\/aeroparklillelesquin.com\/#\/schema\/logo\/image\/\",\"url\":\"https:\/\/aeroparklillelesquin.com\/wp-content\/uploads\/2025\/08\/aeropark-e1756708645634.jpg\",\"contentUrl\":\"https:\/\/aeroparklillelesquin.com\/wp-content\/uploads\/2025\/08\/aeropark-e1756708645634.jpg\",\"width\":787,\"height\":512,\"caption\":\"AEROPARK Lille Lesquin\"},\"image\":{\"@id\":\"https:\/\/aeroparklillelesquin.com\/#\/schema\/logo\/image\/\"},\"sameAs\":[\"https:\/\/www.facebook.com\/AeroparkLilleLesquin\/\"]}]}<\/script>\n<!-- \/ Yoast SEO plugin. -->","yoast_head_json":{"title":"Mentions l\u00e9gales et CGV - AEROPARK Lille Lesquin","robots":{"index":"index","follow":"follow","max-snippet":"max-snippet:-1","max-image-preview":"max-image-preview:large","max-video-preview":"max-video-preview:-1"},"canonical":"https:\/\/aeroparklillelesquin.com\/index.php\/elementor-1019\/","og_locale":"fr_FR","og_type":"article","og_title":"Mentions l\u00e9gales et CGV - AEROPARK Lille Lesquin","og_description":"Mentions L\u00e9gales et CGV Consulter nos Mentions L\u00e9gales Consulter nos Conditions G\u00e9n\u00e9rales de Vente","og_url":"https:\/\/aeroparklillelesquin.com\/index.php\/elementor-1019\/","og_site_name":"AEROPARK Lille Lesquin","article_publisher":"https:\/\/www.facebook.com\/AeroparkLilleLesquin\/","article_modified_time":"2025-09-12T05:48:26+00:00","og_image":[{"width":512,"height":512,"url":"https:\/\/aeroparklillelesquin.com\/wp-content\/uploads\/2025\/09\/263103.png","type":"image\/png"}],"twitter_card":"summary_large_image","twitter_misc":{"Dur\u00e9e de lecture estim\u00e9e":"1 minute"},"schema":{"@context":"https:\/\/schema.org","@graph":[{"@type":"WebPage","@id":"https:\/\/aeroparklillelesquin.com\/index.php\/elementor-1019\/","url":"https:\/\/aeroparklillelesquin.com\/index.php\/elementor-1019\/","name":"Mentions l\u00e9gales et CGV - AEROPARK Lille Lesquin","isPartOf":{"@id":"https:\/\/aeroparklillelesquin.com\/#website"},"primaryImageOfPage":{"@id":"https:\/\/aeroparklillelesquin.com\/index.php\/elementor-1019\/#primaryimage"},"image":{"@id":"https:\/\/aeroparklillelesquin.com\/index.php\/elementor-1019\/#primaryimage"},"thumbnailUrl":"https:\/\/aeroparklillelesquin.com\/wp-content\/uploads\/2025\/09\/263103-300x300.png","datePublished":"2022-05-20T15:07:21+00:00","dateModified":"2025-09-12T05:48:26+00:00","breadcrumb":{"@id":"https:\/\/aeroparklillelesquin.com\/index.php\/elementor-1019\/#breadcrumb"},"inLanguage":"fr-FR","potentialAction":[{"@type":"ReadAction","target":["https:\/\/aeroparklillelesquin.com\/index.php\/elementor-1019\/"]}]},{"@type":"ImageObject","inLanguage":"fr-FR","@id":"https:\/\/aeroparklillelesquin.com\/index.php\/elementor-1019\/#primaryimage","url":"https:\/\/aeroparklillelesquin.com\/wp-content\/uploads\/2025\/09\/263103.png","contentUrl":"https:\/\/aeroparklillelesquin.com\/wp-content\/uploads\/2025\/09\/263103.png","width":512,"height":512},{"@type":"BreadcrumbList","@id":"https:\/\/aeroparklillelesquin.com\/index.php\/elementor-1019\/#breadcrumb","itemListElement":[{"@type":"ListItem","position":1,"name":"Accueil","item":"https:\/\/aeroparklillelesquin.com\/"},{"@type":"ListItem","position":2,"name":"Mentions l\u00e9gales et CGV"}]},{"@type":"WebSite","@id":"https:\/\/aeroparklillelesquin.com\/#website","url":"https:\/\/aeroparklillelesquin.com\/","name":"AEROPARK Lille Lesquin","description":"Parking A\u00e9roport et Gares \u00e0 Lille Lesquin","publisher":{"@id":"https:\/\/aeroparklillelesquin.com\/#organization"},"potentialAction":[{"@type":"SearchAction","target":{"@type":"EntryPoint","urlTemplate":"https:\/\/aeroparklillelesquin.com\/?s={search_term_string}"},"query-input":{"@type":"PropertyValueSpecification","valueRequired":true,"valueName":"search_term_string"}}],"inLanguage":"fr-FR"},{"@type":"Organization","@id":"https:\/\/aeroparklillelesquin.com\/#organization","name":"AEROPARK Lille Lesquin","url":"https:\/\/aeroparklillelesquin.com\/","logo":{"@type":"ImageObject","inLanguage":"fr-FR","@id":"https:\/\/aeroparklillelesquin.com\/#\/schema\/logo\/image\/","url":"https:\/\/aeroparklillelesquin.com\/wp-content\/uploads\/2025\/08\/aeropark-e1756708645634.jpg","contentUrl":"https:\/\/aeroparklillelesquin.com\/wp-content\/uploads\/2025\/08\/aeropark-e1756708645634.jpg","width":787,"height":512,"caption":"AEROPARK Lille Lesquin"},"image":{"@id":"https:\/\/aeroparklillelesquin.com\/#\/schema\/logo\/image\/"},"sameAs":["https:\/\/www.facebook.com\/AeroparkLilleLesquin\/"]}]}},"rttpg_featured_image_url":null,"rttpg_author":{"display_name":"admin1997","author_link":"https:\/\/aeroparklillelesquin.com\/index.php\/author\/admin1997\/"},"rttpg_comment":0,"rttpg_category":null,"rttpg_excerpt":"Mentions L\u00e9gales et CGV Consulter nos Mentions L\u00e9gales Consulter nos Conditions G\u00e9n\u00e9rales de Vente","_links":{"self":[{"href":"https:\/\/aeroparklillelesquin.com\/index.php\/wp-json\/wp\/v2\/pages\/1019","targetHints":{"allow":["GET"]}}],"collection":[{"href":"https:\/\/aeroparklillelesquin.com\/index.php\/wp-json\/wp\/v2\/pages"}],"about":[{"href":"https:\/\/aeroparklillelesquin.com\/index.php\/wp-json\/wp\/v2\/types\/page"}],"author":[{"embeddable":true,"href":"https:\/\/aeroparklillelesquin.com\/index.php\/wp-json\/wp\/v2\/users\/1"}],"replies":[{"embeddable":true,"href":"https:\/\/aeroparklillelesquin.com\/index.php\/wp-json\/wp\/v2\/comments?post=1019"}],"version-history":[{"count":68,"href":"https:\/\/aeroparklillelesquin.com\/index.php\/wp-json\/wp\/v2\/pages\/1019\/revisions"}],"predecessor-version":[{"id":2950,"href":"https:\/\/aeroparklillelesquin.com\/index.php\/wp-json\/wp\/v2\/pages\/1019\/revisions\/2950"}],"wp:attachment":[{"href":"https:\/\/aeroparklillelesquin.com\/index.php\/wp-json\/wp\/v2\/media?parent=1019"}],"curies":[{"name":"wp","href":"https:\/\/api.w.org\/{rel}","templated":true}]}}